{"id":45857,"date":"2024-08-03T14:31:50","date_gmt":"2024-09-10T15:01:29","guid":{"rendered":"https:\/\/staging.nbg.eu\/product\/rh-frogy-owb-holster\/"},"modified":"2024-09-10T15:02:39","modified_gmt":"2024-09-10T15:02:39","slug":"funda-externa-rh-frogy","status":"publish","type":"product","link":"https:\/\/staging.nbg.eu\/es\/producto\/funda-externa-rh-frogy\/","title":{"rendered":"Funda Externa RH Frogy"},"content":{"rendered":"<div class=\"product-description\">\n<h2>Funda RH Frogy OWB<\/h2>\n<p>Experimente un porte oculto superior con la funda RH Frogy OWB. Dise\u00f1ada para uso externo al cintur\u00f3n, esta funda cuenta con:<\/p>\n<ul>\n<li>Construcci\u00f3n \u00fanica con funci\u00f3n de presi\u00f3n integrada para una mejor ocultaci\u00f3n del arma<\/li>\n<li>Uso c\u00f3modo con dise\u00f1o que rellena el espacio bajo el cintur\u00f3n para un posicionamiento estable<\/li>\n<li>Kydex de 2.5mm de espesor prensado al vac\u00edo con nervaduras para mayor durabilidad y rigidez<\/li>\n<li>Bordes pulidos a mano para m\u00e1xima comodidad<\/li>\n<li>Posicionamiento angulado del arma para mejorar la ocultaci\u00f3n y el desenfunde<\/li>\n<li>Agarre e inclinaci\u00f3n ajustables<\/li>\n<li>Compatible con miras de punto rojo y ca\u00f1ones\/roscas extendidos<\/li>\n<\/ul>\n<p>Moldeada con precisi\u00f3n y fabricada a partir de una sola pieza de Kydex, esta funda ofrece una ocultaci\u00f3n y comodidad \u00f3ptimas. Su dise\u00f1o abierto permite una f\u00e1cil limpieza y se adapta a varias modificaciones del arma.<\/p>\n<\/div>\n","protected":false},"excerpt":{"rendered":"<p>Funda RH Frogy OWB: Porte oculto, c\u00f3modo y ajustable de kydex.<\/p>\n","protected":false},"featured_media":45861,"template":"","meta":{"_acf_changed":false},"product_brand":[11650],"product_cat":[12233,12271,12220],"product_tag":[],"class_list":{"0":"post-45857","1":"product","2":"type-product","3":"status-publish","4":"has-post-thumbnail","6":"product_brand-rh-holsters","7":"product_cat-funda","8":"product_cat-funda-deportiva","9":"product_cat-funda-tactica","10":"pa_belt-size-40mm-es","11":"pa_model-glock-17-es","12":"pa_model-glock-19-23-32-es","13":"pa_strong-hand-right-es","15":"first","16":"instock","17":"taxable","18":"shipping-taxable","19":"purchasable","20":"product-type-variable","21":"wvs-archive-product-wrapper"},"acf":[],"_links":{"self":[{"href":"https:\/\/staging.nbg.eu\/es\/wp-json\/wp\/v2\/product\/45857","targetHints":{"allow":["GET"]}}],"collection":[{"href":"https:\/\/staging.nbg.eu\/es\/wp-json\/wp\/v2\/product"}],"about":[{"href":"https:\/\/staging.nbg.eu\/es\/wp-json\/wp\/v2\/types\/product"}],"wp:featuredmedia":[{"embeddable":true,"href":"https:\/\/staging.nbg.eu\/es\/wp-json\/wp\/v2\/media\/45861"}],"wp:attachment":[{"href":"https:\/\/staging.nbg.eu\/es\/wp-json\/wp\/v2\/media?parent=45857"}],"wp:term":[{"taxonomy":"product_brand","embeddable":true,"href":"https:\/\/staging.nbg.eu\/es\/wp-json\/wp\/v2\/product_brand?post=45857"},{"taxonomy":"product_cat","embeddable":true,"href":"https:\/\/staging.nbg.eu\/es\/wp-json\/wp\/v2\/product_cat?post=45857"},{"taxonomy":"product_tag","embeddable":true,"href":"https:\/\/staging.nbg.eu\/es\/wp-json\/wp\/v2\/product_tag?post=45857"}],"curies":[{"name":"wp","href":"https:\/\/api.w.org\/{rel}","templated":true}]}}