{"id":45187,"date":"2024-08-18T09:26:06","date_gmt":"2024-09-10T13:11:57","guid":{"rendered":"https:\/\/staging.nbg.eu\/product\/premium-belt-security-loop\/"},"modified":"2024-09-10T13:12:49","modified_gmt":"2024-09-10T13:12:49","slug":"pasador-de-seguridad-premium-para-cinturon","status":"publish","type":"product","link":"https:\/\/staging.nbg.eu\/es\/producto\/pasador-de-seguridad-premium-para-cinturon\/","title":{"rendered":"Pasador de Seguridad Premium para Cintur\u00f3n"},"content":{"rendered":"<p>Asegure su cintur\u00f3n con el Lazo de Seguridad Premium DAA. Recubierto de goma para mayor comodidad y agarre, mantiene su cintur\u00f3n en su lugar durante intensas sesiones de tiro. Se adapta a la mayor\u00eda de los cinturones est\u00e1ndar.<\/p>\n","protected":false},"excerpt":{"rendered":"<p>Trabilla segura: Agarre de goma, evita deslizamientos, se ajusta a cinturones est\u00e1ndar.<\/p>\n","protected":false},"featured_media":26109,"template":"","meta":{"_acf_changed":false},"product_brand":[11277],"product_cat":[12249,12246],"product_tag":[],"class_list":{"0":"post-45187","1":"product","2":"type-product","3":"status-publish","4":"has-post-thumbnail","6":"product_brand-doublealpha","7":"product_cat-cinturones-deportivos","8":"product_cat-equipo","10":"first","11":"instock","12":"taxable","13":"shipping-taxable","14":"purchasable","15":"product-type-simple"},"acf":[],"_links":{"self":[{"href":"https:\/\/staging.nbg.eu\/es\/wp-json\/wp\/v2\/product\/45187","targetHints":{"allow":["GET"]}}],"collection":[{"href":"https:\/\/staging.nbg.eu\/es\/wp-json\/wp\/v2\/product"}],"about":[{"href":"https:\/\/staging.nbg.eu\/es\/wp-json\/wp\/v2\/types\/product"}],"wp:featuredmedia":[{"embeddable":true,"href":"https:\/\/staging.nbg.eu\/es\/wp-json\/wp\/v2\/media\/26109"}],"wp:attachment":[{"href":"https:\/\/staging.nbg.eu\/es\/wp-json\/wp\/v2\/media?parent=45187"}],"wp:term":[{"taxonomy":"product_brand","embeddable":true,"href":"https:\/\/staging.nbg.eu\/es\/wp-json\/wp\/v2\/product_brand?post=45187"},{"taxonomy":"product_cat","embeddable":true,"href":"https:\/\/staging.nbg.eu\/es\/wp-json\/wp\/v2\/product_cat?post=45187"},{"taxonomy":"product_tag","embeddable":true,"href":"https:\/\/staging.nbg.eu\/es\/wp-json\/wp\/v2\/product_tag?post=45187"}],"curies":[{"name":"wp","href":"https:\/\/api.w.org\/{rel}","templated":true}]}}