{"id":45165,"date":"2024-08-18T09:26:36","date_gmt":"2024-08-18T09:26:36","guid":{"rendered":"https:\/\/staging.nbg.eu\/product\/daa-magnet-cover\/"},"modified":"2024-09-10T12:58:19","modified_gmt":"2024-09-10T12:58:19","slug":"cubierta-magnetica-daa","status":"publish","type":"product","link":"https:\/\/staging.nbg.eu\/es\/producto\/cubierta-magnetica-daa\/","title":{"rendered":"Cubierta Magn\u00e9tica DAA"},"content":{"rendered":"<p>\nLa Cubierta Magn\u00e9tica DAA: Una cubierta de nylon elegante y duradera para imanes de 48mm. Presenta un logotipo de DAA en acero magn\u00e9tico. Reduce la atracci\u00f3n magn\u00e9tica no deseada mientras mantiene la funcionalidad.<\/p>\n","protected":false},"excerpt":{"rendered":"<p>Cubierta elegante y protectora para imanes DAA de 48mm. Reduce la fuerza de atracci\u00f3n magn\u00e9tica.<\/p>\n","protected":false},"featured_media":26132,"template":"","meta":{"_acf_changed":false},"product_brand":[11277],"product_cat":[12266,12233],"product_tag":[],"class_list":{"0":"post-45165","1":"product","2":"type-product","3":"status-publish","4":"has-post-thumbnail","6":"product_brand-doublealpha","7":"product_cat-accesorios-para-funda","8":"product_cat-funda","10":"first","11":"instock","12":"taxable","13":"shipping-taxable","14":"purchasable","15":"product-type-simple"},"acf":[],"_links":{"self":[{"href":"https:\/\/staging.nbg.eu\/es\/wp-json\/wp\/v2\/product\/45165","targetHints":{"allow":["GET"]}}],"collection":[{"href":"https:\/\/staging.nbg.eu\/es\/wp-json\/wp\/v2\/product"}],"about":[{"href":"https:\/\/staging.nbg.eu\/es\/wp-json\/wp\/v2\/types\/product"}],"wp:featuredmedia":[{"embeddable":true,"href":"https:\/\/staging.nbg.eu\/es\/wp-json\/wp\/v2\/media\/26132"}],"wp:attachment":[{"href":"https:\/\/staging.nbg.eu\/es\/wp-json\/wp\/v2\/media?parent=45165"}],"wp:term":[{"taxonomy":"product_brand","embeddable":true,"href":"https:\/\/staging.nbg.eu\/es\/wp-json\/wp\/v2\/product_brand?post=45165"},{"taxonomy":"product_cat","embeddable":true,"href":"https:\/\/staging.nbg.eu\/es\/wp-json\/wp\/v2\/product_cat?post=45165"},{"taxonomy":"product_tag","embeddable":true,"href":"https:\/\/staging.nbg.eu\/es\/wp-json\/wp\/v2\/product_tag?post=45165"}],"curies":[{"name":"wp","href":"https:\/\/api.w.org\/{rel}","templated":true}]}}