{"id":45143,"date":"2024-08-18T09:27:28","date_gmt":"2024-09-10T12:42:39","guid":{"rendered":"https:\/\/staging.nbg.eu\/product\/dillon-precision-daa-223-fast-flow-powder-funnel\/"},"modified":"2024-09-10T12:43:31","modified_gmt":"2024-09-10T12:43:31","slug":"dillon-precision-embudo-de-polvora-de-flujo-rapido-daa-223","status":"publish","type":"product","link":"https:\/\/staging.nbg.eu\/es\/producto\/dillon-precision-embudo-de-polvora-de-flujo-rapido-daa-223\/","title":{"rendered":"Dillon Precision &#8211; Embudo de P\u00f3lvora de Flujo R\u00e1pido Daa .223"},"content":{"rendered":"<div class=\"product-description\">\n<h2>Dillon Precision &#8211; Embudo de Flujo R\u00e1pido DAA para .223<\/h2>\n<p>Mejore su experiencia de recarga de .223 con el Embudo de Flujo R\u00e1pido DAA para .223. Dise\u00f1ado en colaboraci\u00f3n con el Ingeniero de Sistemas Aeroespaciales Andrew Murrell, CSEP, este embudo mejora la consistencia del flujo de p\u00f3lvora y reduce el puente de p\u00f3lvoras en barra o en escamas.<\/p>\n<ul>\n<li>Mecanizado en acero inoxidable SUS303<\/li>\n<li>Acabado de espejo electropulido<\/li>\n<li>Excelente resistencia al \u00f3xido y durabilidad al desgaste<\/li>\n<li>Forma interna \u00fanica del embudo para un mejor flujo de p\u00f3lvora<\/li>\n<li>Compatible con dosificadores de p\u00f3lvora Dillon<\/li>\n<\/ul>\n<p>Experimente la diferencia con nuestro embudo de ingenier\u00eda de precisi\u00f3n, que presenta tolerancias estrechas y un acabado liso como el vidrio para un rendimiento y flujo de p\u00f3lvora \u00f3ptimos.<\/p>\n<\/div>\n","protected":false},"excerpt":{"rendered":"<p>Embudo aerodin\u00e1mico para p\u00f3lvora .223 que permite una recarga consistente y sin obstrucciones.<\/p>\n","protected":false},"featured_media":26247,"template":"","meta":{"_acf_changed":false},"product_brand":[11277],"product_cat":[12229,12275],"product_tag":[],"class_list":{"0":"post-45143","1":"product","2":"type-product","3":"status-publish","4":"has-post-thumbnail","6":"product_brand-doublealpha","7":"product_cat-accesorios-de-recarga","8":"product_cat-recarga","10":"first","11":"instock","12":"taxable","13":"shipping-taxable","14":"purchasable","15":"product-type-simple"},"acf":[],"_links":{"self":[{"href":"https:\/\/staging.nbg.eu\/es\/wp-json\/wp\/v2\/product\/45143","targetHints":{"allow":["GET"]}}],"collection":[{"href":"https:\/\/staging.nbg.eu\/es\/wp-json\/wp\/v2\/product"}],"about":[{"href":"https:\/\/staging.nbg.eu\/es\/wp-json\/wp\/v2\/types\/product"}],"wp:featuredmedia":[{"embeddable":true,"href":"https:\/\/staging.nbg.eu\/es\/wp-json\/wp\/v2\/media\/26247"}],"wp:attachment":[{"href":"https:\/\/staging.nbg.eu\/es\/wp-json\/wp\/v2\/media?parent=45143"}],"wp:term":[{"taxonomy":"product_brand","embeddable":true,"href":"https:\/\/staging.nbg.eu\/es\/wp-json\/wp\/v2\/product_brand?post=45143"},{"taxonomy":"product_cat","embeddable":true,"href":"https:\/\/staging.nbg.eu\/es\/wp-json\/wp\/v2\/product_cat?post=45143"},{"taxonomy":"product_tag","embeddable":true,"href":"https:\/\/staging.nbg.eu\/es\/wp-json\/wp\/v2\/product_tag?post=45143"}],"curies":[{"name":"wp","href":"https:\/\/api.w.org\/{rel}","templated":true}]}}