{"id":45077,"date":"2024-08-18T09:28:37","date_gmt":"2024-08-18T09:28:37","guid":{"rendered":"https:\/\/staging.nbg.eu\/product\/lynx-belt-steel-mini-punch-tool\/"},"modified":"2024-09-10T12:26:19","modified_gmt":"2024-09-10T12:26:19","slug":"lynx-belt-herramienta-mini-punzon-de-acero","status":"publish","type":"product","link":"https:\/\/staging.nbg.eu\/es\/producto\/lynx-belt-herramienta-mini-punzon-de-acero\/","title":{"rendered":"Lynx Belt: Herramienta Mini Punz\u00f3n de Acero"},"content":{"rendered":"<p>La Herramienta Mini Punz\u00f3n de Acero Lynx Belt es un punz\u00f3n compacto de acero hecho a medida, dise\u00f1ado para la extracci\u00f3n r\u00e1pida y f\u00e1cil de pasadores cil\u00edndricos. Perfecto para ajustar los eslabones del cintur\u00f3n, esta herramienta ligera mide 70 mm de longitud, con un di\u00e1metro de cabeza de 6 mm y un di\u00e1metro de v\u00e1stago de 2,5 mm. Ideal para el kit de herramientas de tu bolsa de tiro.<\/p>\n","protected":false},"excerpt":{"rendered":"<p>Herramienta compacta de acero para realizar ajustes r\u00e1pidos y f\u00e1ciles en los eslabones del cintur\u00f3n.<\/p>\n","protected":false},"featured_media":26720,"template":"","meta":{"_acf_changed":false},"product_brand":[11277],"product_cat":[12249,12246],"product_tag":[],"class_list":{"0":"post-45077","1":"product","2":"type-product","3":"status-publish","4":"has-post-thumbnail","6":"product_brand-doublealpha","7":"product_cat-cinturones-deportivos","8":"product_cat-equipo","10":"first","11":"instock","12":"taxable","13":"shipping-taxable","14":"purchasable","15":"product-type-simple"},"acf":[],"_links":{"self":[{"href":"https:\/\/staging.nbg.eu\/es\/wp-json\/wp\/v2\/product\/45077","targetHints":{"allow":["GET"]}}],"collection":[{"href":"https:\/\/staging.nbg.eu\/es\/wp-json\/wp\/v2\/product"}],"about":[{"href":"https:\/\/staging.nbg.eu\/es\/wp-json\/wp\/v2\/types\/product"}],"wp:featuredmedia":[{"embeddable":true,"href":"https:\/\/staging.nbg.eu\/es\/wp-json\/wp\/v2\/media\/26720"}],"wp:attachment":[{"href":"https:\/\/staging.nbg.eu\/es\/wp-json\/wp\/v2\/media?parent=45077"}],"wp:term":[{"taxonomy":"product_brand","embeddable":true,"href":"https:\/\/staging.nbg.eu\/es\/wp-json\/wp\/v2\/product_brand?post=45077"},{"taxonomy":"product_cat","embeddable":true,"href":"https:\/\/staging.nbg.eu\/es\/wp-json\/wp\/v2\/product_cat?post=45077"},{"taxonomy":"product_tag","embeddable":true,"href":"https:\/\/staging.nbg.eu\/es\/wp-json\/wp\/v2\/product_tag?post=45077"}],"curies":[{"name":"wp","href":"https:\/\/api.w.org\/{rel}","templated":true}]}}