{"id":45055,"date":"2024-08-18T09:29:43","date_gmt":"2024-08-18T09:29:43","guid":{"rendered":"https:\/\/staging.nbg.eu\/product\/daa-primer-tube-cap-5-pack\/"},"modified":"2024-09-10T12:24:20","modified_gmt":"2024-09-10T12:24:20","slug":"tapa-para-tubo-de-pistones-daa-paquete-de-5","status":"publish","type":"product","link":"https:\/\/staging.nbg.eu\/es\/producto\/tapa-para-tubo-de-pistones-daa-paquete-de-5\/","title":{"rendered":"Tapa para Tubo de Pistones Daa, Paquete de 5"},"content":{"rendered":"<p>\n<strong>Tapas para Tubos de Fulminantes DAA, Paquete de 5<\/strong><br \/>\nTapas de extremo de goma de silicona personalizadas para tubos de fulminantes de 8mm. Evita derrames al usar dispositivos de llenado r\u00e1pido. F\u00e1cil de usar: desliza y coloca en posici\u00f3n horizontal. \u00a1No m\u00e1s desorden de fulminantes!<\/p>\n<ul>\n<li>Se adapta a la mayor\u00eda de los tubos de recarga<\/li>\n<li>Compatible con DAA Primer-Pro y otros llenadores<\/li>\n<li>Color: Rojo<\/li>\n<li>Paquete de 5<\/li>\n<\/ul>\n<p>\u00a1Asegura tus fulminantes con estas pr\u00e1cticas tapas!<\/p>\n","protected":false},"excerpt":{"rendered":"<p>Asegure los tubos de cebadores de 8 mm con tapas de silicona f\u00e1ciles de colocar y a prueba de derrames.<\/p>\n","protected":false},"featured_media":26743,"template":"","meta":{"_acf_changed":false},"product_brand":[11277],"product_cat":[12229,12275],"product_tag":[],"class_list":{"0":"post-45055","1":"product","2":"type-product","3":"status-publish","4":"has-post-thumbnail","6":"product_brand-doublealpha","7":"product_cat-accesorios-de-recarga","8":"product_cat-recarga","10":"first","11":"outofstock","12":"taxable","13":"shipping-taxable","14":"purchasable","15":"product-type-simple"},"acf":[],"_links":{"self":[{"href":"https:\/\/staging.nbg.eu\/es\/wp-json\/wp\/v2\/product\/45055","targetHints":{"allow":["GET"]}}],"collection":[{"href":"https:\/\/staging.nbg.eu\/es\/wp-json\/wp\/v2\/product"}],"about":[{"href":"https:\/\/staging.nbg.eu\/es\/wp-json\/wp\/v2\/types\/product"}],"wp:featuredmedia":[{"embeddable":true,"href":"https:\/\/staging.nbg.eu\/es\/wp-json\/wp\/v2\/media\/26743"}],"wp:attachment":[{"href":"https:\/\/staging.nbg.eu\/es\/wp-json\/wp\/v2\/media?parent=45055"}],"wp:term":[{"taxonomy":"product_brand","embeddable":true,"href":"https:\/\/staging.nbg.eu\/es\/wp-json\/wp\/v2\/product_brand?post=45055"},{"taxonomy":"product_cat","embeddable":true,"href":"https:\/\/staging.nbg.eu\/es\/wp-json\/wp\/v2\/product_cat?post=45055"},{"taxonomy":"product_tag","embeddable":true,"href":"https:\/\/staging.nbg.eu\/es\/wp-json\/wp\/v2\/product_tag?post=45055"}],"curies":[{"name":"wp","href":"https:\/\/api.w.org\/{rel}","templated":true}]}}