{"id":45033,"date":"2024-08-18T09:29:56","date_gmt":"2024-09-10T12:18:26","guid":{"rendered":"https:\/\/staging.nbg.eu\/product\/buckle-kit-lynx\/"},"modified":"2024-09-10T12:19:13","modified_gmt":"2024-09-10T12:19:13","slug":"kit-de-hebilla-lynx","status":"publish","type":"product","link":"https:\/\/staging.nbg.eu\/es\/producto\/kit-de-hebilla-lynx\/","title":{"rendered":"Kit de Hebilla &#8211; Lynx"},"content":{"rendered":"<div class=\"product-description\">\n<h2>Kit de Hebilla &#8211; Lynx<\/h2>\n<p>\u00a1Mejora tu cintur\u00f3n Lynx con nuestro Kit de Hebilla listo para usar! Este paquete completo incluye:<\/p>\n<ul>\n<li>Hebilla Lynx completamente ensamblada<\/li>\n<li>Pieza final del cintur\u00f3n Lynx<\/li>\n<li>50 pasadores para el ensamblaje del cintur\u00f3n<\/li>\n<li>Anillo de silicona de repuesto<\/li>\n<li>Herramienta mini punz\u00f3n de acero de dise\u00f1o personalizado<\/li>\n<\/ul>\n<p>Simplemente conecta la hebilla pre-ensamblada a tu cintur\u00f3n Lynx para uso inmediato. Nuestro kit proporciona todo lo que necesitas para una mejora r\u00e1pida y sin complicaciones de tu cintur\u00f3n.<\/p>\n<\/div>\n","protected":false},"excerpt":{"rendered":"<p>Kit de hebilla Lynx listo para usar con herramientas para un f\u00e1cil montaje del cintur\u00f3n.<\/p>\n","protected":false},"featured_media":26789,"template":"","meta":{"_acf_changed":false},"product_brand":[11277],"product_cat":[12249,12246],"product_tag":[],"class_list":{"0":"post-45033","1":"product","2":"type-product","3":"status-publish","4":"has-post-thumbnail","6":"product_brand-doublealpha","7":"product_cat-cinturones-deportivos","8":"product_cat-equipo","10":"first","11":"instock","12":"taxable","13":"shipping-taxable","14":"purchasable","15":"product-type-simple"},"acf":[],"_links":{"self":[{"href":"https:\/\/staging.nbg.eu\/es\/wp-json\/wp\/v2\/product\/45033","targetHints":{"allow":["GET"]}}],"collection":[{"href":"https:\/\/staging.nbg.eu\/es\/wp-json\/wp\/v2\/product"}],"about":[{"href":"https:\/\/staging.nbg.eu\/es\/wp-json\/wp\/v2\/types\/product"}],"wp:featuredmedia":[{"embeddable":true,"href":"https:\/\/staging.nbg.eu\/es\/wp-json\/wp\/v2\/media\/26789"}],"wp:attachment":[{"href":"https:\/\/staging.nbg.eu\/es\/wp-json\/wp\/v2\/media?parent=45033"}],"wp:term":[{"taxonomy":"product_brand","embeddable":true,"href":"https:\/\/staging.nbg.eu\/es\/wp-json\/wp\/v2\/product_brand?post=45033"},{"taxonomy":"product_cat","embeddable":true,"href":"https:\/\/staging.nbg.eu\/es\/wp-json\/wp\/v2\/product_cat?post=45033"},{"taxonomy":"product_tag","embeddable":true,"href":"https:\/\/staging.nbg.eu\/es\/wp-json\/wp\/v2\/product_tag?post=45033"}],"curies":[{"name":"wp","href":"https:\/\/api.w.org\/{rel}","templated":true}]}}