{"id":44967,"date":"2024-08-18T09:31:20","date_gmt":"2024-08-18T09:31:20","guid":{"rendered":"https:\/\/staging.nbg.eu\/product\/dillon-daa-click-adjustable-powder-knob-v2\/"},"modified":"2024-09-10T11:51:24","modified_gmt":"2024-09-10T11:51:24","slug":"dillon-perilla-de-polvora-ajustable-por-clic-daa-v2","status":"publish","type":"product","link":"https:\/\/staging.nbg.eu\/es\/producto\/dillon-perilla-de-polvora-ajustable-por-clic-daa-v2\/","title":{"rendered":"Dillon &#8211; Perilla de P\u00f3lvora Ajustable por Clic Daa V2"},"content":{"rendered":"<div class=\"product-description\">\n<h2>Dillon &#8211; Perilla de P\u00f3lvora Ajustable con Clics DAA V2<\/h2>\n<p>Mejore su experiencia de recarga con la Perilla de P\u00f3lvora Ajustable con Clics DAA V2, la segunda generaci\u00f3n mejorada de DAA. Esta perilla de ingenier\u00eda de precisi\u00f3n cuenta con:<\/p>\n<ul>\n<li>Construcci\u00f3n de aluminio en dos piezas para un f\u00e1cil montaje<\/li>\n<li>Perilla redonda de 32mm de aluminio mecanizado con grabado l\u00e1ser<\/li>\n<li>Borde exterior estriado para mejorar el agarre y el control<\/li>\n<li>Clics audibles para ajustes precisos de 18 grados<\/li>\n<li>20 clics por rotaci\u00f3n para un control preciso de la carga de p\u00f3lvora<\/li>\n<li>Dial grabado con l\u00e1ser que indica el aumento\/disminuci\u00f3n de la carga<\/li>\n<li>Compatible con barras de carga peque\u00f1as Dillon (no para barras de carga de rifles grandes)<\/li>\n<\/ul>\n<p>Instale y ajuste sin esfuerzo sus cargas de p\u00f3lvora con esta perilla elegante, funcional y f\u00e1cil de usar. \u00a1Mejore su equipo de recarga hoy mismo!<\/p>\n<\/div>\n","protected":false},"excerpt":{"rendered":"<p>Ajuste preciso y f\u00e1cil de usar para la carga de p\u00f3lvora en prensas Dillon.<\/p>\n","protected":false},"featured_media":27065,"template":"","meta":{"_acf_changed":false},"product_brand":[11277],"product_cat":[12229,12275],"product_tag":[],"class_list":{"0":"post-44967","1":"product","2":"type-product","3":"status-publish","4":"has-post-thumbnail","6":"product_brand-doublealpha","7":"product_cat-accesorios-de-recarga","8":"product_cat-recarga","10":"first","11":"outofstock","12":"taxable","13":"shipping-taxable","14":"purchasable","15":"product-type-simple"},"acf":[],"_links":{"self":[{"href":"https:\/\/staging.nbg.eu\/es\/wp-json\/wp\/v2\/product\/44967","targetHints":{"allow":["GET"]}}],"collection":[{"href":"https:\/\/staging.nbg.eu\/es\/wp-json\/wp\/v2\/product"}],"about":[{"href":"https:\/\/staging.nbg.eu\/es\/wp-json\/wp\/v2\/types\/product"}],"wp:featuredmedia":[{"embeddable":true,"href":"https:\/\/staging.nbg.eu\/es\/wp-json\/wp\/v2\/media\/27065"}],"wp:attachment":[{"href":"https:\/\/staging.nbg.eu\/es\/wp-json\/wp\/v2\/media?parent=44967"}],"wp:term":[{"taxonomy":"product_brand","embeddable":true,"href":"https:\/\/staging.nbg.eu\/es\/wp-json\/wp\/v2\/product_brand?post=44967"},{"taxonomy":"product_cat","embeddable":true,"href":"https:\/\/staging.nbg.eu\/es\/wp-json\/wp\/v2\/product_cat?post=44967"},{"taxonomy":"product_tag","embeddable":true,"href":"https:\/\/staging.nbg.eu\/es\/wp-json\/wp\/v2\/product_tag?post=44967"}],"curies":[{"name":"wp","href":"https:\/\/api.w.org\/{rel}","templated":true}]}}