{"id":44857,"date":"2024-08-18T09:33:44","date_gmt":"2024-08-18T09:33:44","guid":{"rendered":"https:\/\/staging.nbg.eu\/product\/pro-grip-lotion-2oz\/"},"modified":"2024-09-10T11:15:36","modified_gmt":"2024-09-10T11:15:36","slug":"locion-pro-grip-2oz","status":"publish","type":"product","link":"https:\/\/staging.nbg.eu\/es\/producto\/locion-pro-grip-2oz\/","title":{"rendered":"Loci\u00f3n Pro Grip 2Oz"},"content":{"rendered":"<p>\nMejora tu rendimiento de tiro con la Loci\u00f3n Pro Grip de 2 onzas. Confiada por campeones como Jerry Barnhart, Todd Jarrett y Saul Kirsch, esta loci\u00f3n en pr\u00e1ctico envase supera al polvo de magnesio y la tiza. Experimenta un agarre superior, mejor control del arma y tiempos de recuperaci\u00f3n m\u00e1s r\u00e1pidos. Un elemento imprescindible en la bolsa de todo tirador, Pro Grip es el arma secreta para el \u00e9xito en el tiro de acci\u00f3n.<\/p>\n","protected":false},"excerpt":{"rendered":"<p>Pro Grip: Loci\u00f3n aprobada por campeones para un control superior del arma.<\/p>\n","protected":false},"featured_media":27295,"template":"","meta":{"_acf_changed":false},"product_brand":[11277],"product_cat":[12266,12246,12233],"product_tag":[],"class_list":{"0":"post-44857","1":"product","2":"type-product","3":"status-publish","4":"has-post-thumbnail","6":"product_brand-doublealpha","7":"product_cat-accesorios-para-funda","8":"product_cat-equipo","9":"product_cat-funda","11":"first","12":"instock","13":"taxable","14":"shipping-taxable","15":"purchasable","16":"product-type-simple"},"acf":[],"_links":{"self":[{"href":"https:\/\/staging.nbg.eu\/es\/wp-json\/wp\/v2\/product\/44857","targetHints":{"allow":["GET"]}}],"collection":[{"href":"https:\/\/staging.nbg.eu\/es\/wp-json\/wp\/v2\/product"}],"about":[{"href":"https:\/\/staging.nbg.eu\/es\/wp-json\/wp\/v2\/types\/product"}],"wp:featuredmedia":[{"embeddable":true,"href":"https:\/\/staging.nbg.eu\/es\/wp-json\/wp\/v2\/media\/27295"}],"wp:attachment":[{"href":"https:\/\/staging.nbg.eu\/es\/wp-json\/wp\/v2\/media?parent=44857"}],"wp:term":[{"taxonomy":"product_brand","embeddable":true,"href":"https:\/\/staging.nbg.eu\/es\/wp-json\/wp\/v2\/product_brand?post=44857"},{"taxonomy":"product_cat","embeddable":true,"href":"https:\/\/staging.nbg.eu\/es\/wp-json\/wp\/v2\/product_cat?post=44857"},{"taxonomy":"product_tag","embeddable":true,"href":"https:\/\/staging.nbg.eu\/es\/wp-json\/wp\/v2\/product_tag?post=44857"}],"curies":[{"name":"wp","href":"https:\/\/api.w.org\/{rel}","templated":true}]}}