{"id":44835,"date":"2024-08-18T09:34:28","date_gmt":"2024-08-18T09:34:28","guid":{"rendered":"https:\/\/staging.nbg.eu\/product\/daa-magnet-with-m5-screw-for-rm-pouch\/"},"modified":"2024-09-10T11:11:46","modified_gmt":"2024-09-10T11:11:46","slug":"iman-daa-con-tornillo-m5","status":"publish","type":"product","link":"https:\/\/staging.nbg.eu\/es\/producto\/iman-daa-con-tornillo-m5\/","title":{"rendered":"Im\u00e1n DAA con Tornillo M5"},"content":{"rendered":"<h2>Im\u00e1n Superpoderoso DAA para Cartucheras Alpha-Xi\/X y Race Master<\/h2>\n<p>Mejora tu equipo de tiro con nuestros potentes imanes DAA Superpoderosos, dise\u00f1ados para cartucheras Alpha-Xi, Alpha-X y Race Master.<\/p>\n<ul>\n<li>Chapado en zinc para mayor durabilidad<\/li>\n<li>Impresionante fuerza de atracci\u00f3n de 87 kg<\/li>\n<li>50 mm de di\u00e1metro, 12 mm de grosor (incluyendo la carcasa)<\/li>\n<li>Fijaci\u00f3n segura con tornillo M5<\/li>\n<\/ul>\n<p>La instalaci\u00f3n es sencilla:<\/p>\n<ol>\n<li>Rosca el orificio de 4,2 mm en el frente de la cartuchera con un macho de roscar M5<\/li>\n<li>Enrosca cuidadosamente el im\u00e1n<\/li>\n<li>Asegura con LockTite para mayor estabilidad<\/li>\n<\/ol>\n<p>Experimenta una colocaci\u00f3n y retenci\u00f3n segura del cargador durante movimientos din\u00e1micos. \u00a1Actualiza tu cartuchera hoy para un rendimiento mejorado!<\/p>\n","protected":false},"excerpt":{"rendered":"<p>Fuerte im\u00e1n con tornillo M5 para bolsas Alpha-Xi\/X y Race Master.<\/p>\n","protected":false},"featured_media":27341,"template":"","meta":{"_acf_changed":false},"product_brand":[11277],"product_cat":[12266,12233,12271],"product_tag":[],"class_list":{"0":"post-44835","1":"product","2":"type-product","3":"status-publish","4":"has-post-thumbnail","6":"product_brand-doublealpha","7":"product_cat-accesorios-para-funda","8":"product_cat-funda","9":"product_cat-funda-deportiva","11":"first","12":"instock","13":"taxable","14":"shipping-taxable","15":"purchasable","16":"product-type-simple"},"acf":[],"_links":{"self":[{"href":"https:\/\/staging.nbg.eu\/es\/wp-json\/wp\/v2\/product\/44835","targetHints":{"allow":["GET"]}}],"collection":[{"href":"https:\/\/staging.nbg.eu\/es\/wp-json\/wp\/v2\/product"}],"about":[{"href":"https:\/\/staging.nbg.eu\/es\/wp-json\/wp\/v2\/types\/product"}],"wp:featuredmedia":[{"embeddable":true,"href":"https:\/\/staging.nbg.eu\/es\/wp-json\/wp\/v2\/media\/27341"}],"wp:attachment":[{"href":"https:\/\/staging.nbg.eu\/es\/wp-json\/wp\/v2\/media?parent=44835"}],"wp:term":[{"taxonomy":"product_brand","embeddable":true,"href":"https:\/\/staging.nbg.eu\/es\/wp-json\/wp\/v2\/product_brand?post=44835"},{"taxonomy":"product_cat","embeddable":true,"href":"https:\/\/staging.nbg.eu\/es\/wp-json\/wp\/v2\/product_cat?post=44835"},{"taxonomy":"product_tag","embeddable":true,"href":"https:\/\/staging.nbg.eu\/es\/wp-json\/wp\/v2\/product_tag?post=44835"}],"curies":[{"name":"wp","href":"https:\/\/api.w.org\/{rel}","templated":true}]}}