{"id":44813,"date":"2024-08-18T09:35:16","date_gmt":"2024-08-18T09:35:16","guid":{"rendered":"https:\/\/staging.nbg.eu\/product\/daa-4-pack-magnetic-collars-for-primer-tube\/"},"modified":"2024-09-10T11:06:13","modified_gmt":"2024-09-10T11:06:13","slug":"daa-paquete-de-4-collares-magneticos-para-tubo-de-pistones","status":"publish","type":"product","link":"https:\/\/staging.nbg.eu\/es\/producto\/daa-paquete-de-4-collares-magneticos-para-tubo-de-pistones\/","title":{"rendered":"Daa Paquete de 4 Collares Magn\u00e9ticos para Tubo de Pistones"},"content":{"rendered":"<div class=\"product-description\">\n<h2>DAA Paquete de 4 Collares Magn\u00e9ticos Para Tubos de Cebadores<\/h2>\n<p>Mejore su eficiencia de recarga con el paquete de 4 Collares Magn\u00e9ticos DAA, dise\u00f1ados espec\u00edficamente para usar con los tubos de recogida Dillon y el clasificador de cebadores PRIMER-PRO.<\/p>\n<ul>\n<li>El set incluye 4 collares de pol\u00edmero con imanes asegurados y tornillos de fijaci\u00f3n<\/li>\n<li>Compatible con tubos de cebadores Dillon<\/li>\n<li>Ideal para prellenar m\u00faltiples tubos antes de las sesiones de recarga<\/li>\n<li>Elimina la necesidad de volver frecuentemente a la unidad PRIMER-PRO<\/li>\n<li>Complemento perfecto para el PRIMER-PRO, que se env\u00eda con un Collar Magn\u00e9tico<\/li>\n<\/ul>\n<p><strong>Nota:<\/strong> Los tubos de cebadores NO est\u00e1n incluidos.<\/p>\n<p>Optimice su flujo de trabajo de recarga y ahorre tiempo con estos Collares Magn\u00e9ticos adicionales, permiti\u00e9ndole preparar m\u00faltiples tubos de cebadores por adelantado.<\/p>\n<\/div>\n","protected":false},"excerpt":{"rendered":"<p>4 collares magn\u00e9ticos para tubos de cebado Dillon. Usar con PRIMER-PRO.<\/p>\n","protected":false},"featured_media":27364,"template":"","meta":{"_acf_changed":false},"product_brand":[11277],"product_cat":[12229,12275],"product_tag":[],"class_list":{"0":"post-44813","1":"product","2":"type-product","3":"status-publish","4":"has-post-thumbnail","6":"product_brand-doublealpha","7":"product_cat-accesorios-de-recarga","8":"product_cat-recarga","10":"first","11":"outofstock","12":"taxable","13":"shipping-taxable","14":"purchasable","15":"product-type-simple"},"acf":[],"_links":{"self":[{"href":"https:\/\/staging.nbg.eu\/es\/wp-json\/wp\/v2\/product\/44813","targetHints":{"allow":["GET"]}}],"collection":[{"href":"https:\/\/staging.nbg.eu\/es\/wp-json\/wp\/v2\/product"}],"about":[{"href":"https:\/\/staging.nbg.eu\/es\/wp-json\/wp\/v2\/types\/product"}],"wp:featuredmedia":[{"embeddable":true,"href":"https:\/\/staging.nbg.eu\/es\/wp-json\/wp\/v2\/media\/27364"}],"wp:attachment":[{"href":"https:\/\/staging.nbg.eu\/es\/wp-json\/wp\/v2\/media?parent=44813"}],"wp:term":[{"taxonomy":"product_brand","embeddable":true,"href":"https:\/\/staging.nbg.eu\/es\/wp-json\/wp\/v2\/product_brand?post=44813"},{"taxonomy":"product_cat","embeddable":true,"href":"https:\/\/staging.nbg.eu\/es\/wp-json\/wp\/v2\/product_cat?post=44813"},{"taxonomy":"product_tag","embeddable":true,"href":"https:\/\/staging.nbg.eu\/es\/wp-json\/wp\/v2\/product_tag?post=44813"}],"curies":[{"name":"wp","href":"https:\/\/api.w.org\/{rel}","templated":true}]}}