{"id":44791,"date":"2024-08-18T09:35:34","date_gmt":"2024-08-18T09:35:34","guid":{"rendered":"https:\/\/staging.nbg.eu\/product\/mr-bulletfeeder-pro-dropper-assembly-9-38s\/"},"modified":"2024-09-10T10:59:26","modified_gmt":"2024-09-10T10:59:26","slug":"conjunto-de-dosificador-mr-bulletfeeder-pro-938s","status":"publish","type":"product","link":"https:\/\/staging.nbg.eu\/es\/producto\/conjunto-de-dosificador-mr-bulletfeeder-pro-938s\/","title":{"rendered":"Conjunto de Dosificador Mr. Bulletfeeder Pro 9\/38S"},"content":{"rendered":"<p>Mejore su configuraci\u00f3n de recarga con el <strong>Conjunto de Alimentador de Balas Mr. Bulletfeeder Pro 9\/38S<\/strong>. Este componente mejorado ofrece:<\/p>\n<ul>\n<li>Rendimiento mejorado impulsado por gravedad<\/li>\n<li>Secci\u00f3n de lat\u00f3n de doble longitud para mayor peso y fiabilidad<\/li>\n<li>Secci\u00f3n de troquel completamente de acero para mayor durabilidad<\/li>\n<li>Previene atascos causados por la tensi\u00f3n del resorte de alimentaci\u00f3n o la fricci\u00f3n<\/li>\n<li>Dise\u00f1ado para recargadores de alto volumen<\/li>\n<\/ul>\n<p>Experimente una alimentaci\u00f3n de balas consistente y eficiente con este conjunto de alimentador de grado profesional.<\/p>\n","protected":false},"excerpt":{"rendered":"<p>Dispensador mejorado y m\u00e1s pesado para una alimentaci\u00f3n de balas confiable. Piezas de acero para mayor durabilidad.<\/p>\n","protected":false},"featured_media":27387,"template":"","meta":{"_acf_changed":false},"product_brand":[11277],"product_cat":[12229,12275],"product_tag":[],"class_list":{"0":"post-44791","1":"product","2":"type-product","3":"status-publish","4":"has-post-thumbnail","6":"product_brand-doublealpha","7":"product_cat-accesorios-de-recarga","8":"product_cat-recarga","10":"first","11":"outofstock","12":"taxable","13":"shipping-taxable","14":"purchasable","15":"product-type-simple"},"acf":[],"_links":{"self":[{"href":"https:\/\/staging.nbg.eu\/es\/wp-json\/wp\/v2\/product\/44791","targetHints":{"allow":["GET"]}}],"collection":[{"href":"https:\/\/staging.nbg.eu\/es\/wp-json\/wp\/v2\/product"}],"about":[{"href":"https:\/\/staging.nbg.eu\/es\/wp-json\/wp\/v2\/types\/product"}],"wp:featuredmedia":[{"embeddable":true,"href":"https:\/\/staging.nbg.eu\/es\/wp-json\/wp\/v2\/media\/27387"}],"wp:attachment":[{"href":"https:\/\/staging.nbg.eu\/es\/wp-json\/wp\/v2\/media?parent=44791"}],"wp:term":[{"taxonomy":"product_brand","embeddable":true,"href":"https:\/\/staging.nbg.eu\/es\/wp-json\/wp\/v2\/product_brand?post=44791"},{"taxonomy":"product_cat","embeddable":true,"href":"https:\/\/staging.nbg.eu\/es\/wp-json\/wp\/v2\/product_cat?post=44791"},{"taxonomy":"product_tag","embeddable":true,"href":"https:\/\/staging.nbg.eu\/es\/wp-json\/wp\/v2\/product_tag?post=44791"}],"curies":[{"name":"wp","href":"https:\/\/api.w.org\/{rel}","templated":true}]}}