{"id":44721,"date":"2024-08-18T09:36:21","date_gmt":"2024-08-18T09:36:21","guid":{"rendered":"https:\/\/staging.nbg.eu\/product\/ced-deluxe-quick-patch-tape-gun\/"},"modified":"2024-09-10T09:16:28","modified_gmt":"2024-09-10T09:16:28","slug":"dispensador-de-cinta-ced-deluxe-quick-patch","status":"publish","type":"product","link":"https:\/\/staging.nbg.eu\/es\/producto\/dispensador-de-cinta-ced-deluxe-quick-patch\/","title":{"rendered":"Dispensador de Cinta Ced Deluxe Quick Patch"},"content":{"rendered":"<p>Presentamos la Pistola de Parches R\u00e1pidos CED Deluxe: \u00a1La soluci\u00f3n definitiva para parchar agujeros en dianas!<\/p>\n<ul>\n<li>M\u00e1s r\u00e1pida y f\u00e1cil que el parcheo manual<\/li>\n<li>Compatible con la mayor\u00eda de los parches de tama\u00f1o completo<\/li>\n<li>Funcionamiento simple de apretar y soltar<\/li>\n<li>F\u00e1cil de apuntar, usar y recargar<\/li>\n<li>Aumenta la eficiencia y ahorra tiempo<\/li>\n<li>Divertida y sin esfuerzo de usar<\/li>\n<\/ul>\n<p>Mejora tu pr\u00e1ctica de tiro con la Pistola de Cinta CED Deluxe &#8211; \u00a1la herramienta todo en uno para un parcheo r\u00e1pido y eficiente!<\/p>\n","protected":false},"excerpt":{"rendered":"<p>Herramienta eficiente para parchar blancos. F\u00e1cil de usar, cargar y apuntar. \u00a1Divertida!<\/p>\n","protected":false},"featured_media":27525,"template":"","meta":{"_acf_changed":false},"product_brand":[11277],"product_cat":[12252,12277,12244],"product_tag":[],"class_list":{"0":"post-44721","1":"product","2":"type-product","3":"status-publish","4":"has-post-thumbnail","6":"product_brand-doublealpha","7":"product_cat-blancos-de-papel","8":"product_cat-objetivos","9":"product_cat-parches-y-aplicadores","11":"first","12":"instock","13":"taxable","14":"shipping-taxable","15":"purchasable","16":"product-type-simple"},"acf":[],"_links":{"self":[{"href":"https:\/\/staging.nbg.eu\/es\/wp-json\/wp\/v2\/product\/44721","targetHints":{"allow":["GET"]}}],"collection":[{"href":"https:\/\/staging.nbg.eu\/es\/wp-json\/wp\/v2\/product"}],"about":[{"href":"https:\/\/staging.nbg.eu\/es\/wp-json\/wp\/v2\/types\/product"}],"wp:featuredmedia":[{"embeddable":true,"href":"https:\/\/staging.nbg.eu\/es\/wp-json\/wp\/v2\/media\/27525"}],"wp:attachment":[{"href":"https:\/\/staging.nbg.eu\/es\/wp-json\/wp\/v2\/media?parent=44721"}],"wp:term":[{"taxonomy":"product_brand","embeddable":true,"href":"https:\/\/staging.nbg.eu\/es\/wp-json\/wp\/v2\/product_brand?post=44721"},{"taxonomy":"product_cat","embeddable":true,"href":"https:\/\/staging.nbg.eu\/es\/wp-json\/wp\/v2\/product_cat?post=44721"},{"taxonomy":"product_tag","embeddable":true,"href":"https:\/\/staging.nbg.eu\/es\/wp-json\/wp\/v2\/product_tag?post=44721"}],"curies":[{"name":"wp","href":"https:\/\/api.w.org\/{rel}","templated":true}]}}