{"id":44555,"date":"2024-08-18T09:38:53","date_gmt":"2024-08-18T09:38:53","guid":{"rendered":"https:\/\/staging.nbg.eu\/product\/alpha-xi-pouch-without-inlay\/"},"modified":"2024-09-10T08:40:04","modified_gmt":"2024-09-10T08:40:04","slug":"funda-alpha-xi-sin-inserto","status":"publish","type":"product","link":"https:\/\/staging.nbg.eu\/es\/producto\/funda-alpha-xi-sin-inserto\/","title":{"rendered":"Funda Alpha-Xi Sin Inserto"},"content":{"rendered":"<h2>Funda Alpha-Xi Sin Inserto &#8211; Acabado<\/h2>\n<p>Presentamos la Funda para Cargador Alpha-Xi, un dise\u00f1o revolucionario en equipamiento t\u00e1ctico. Esta funda cuenta con:<\/p>\n<ul>\n<li>Mayor durabilidad con un sistema de fijaci\u00f3n de tornillo de cabeza ancha personalizado<\/li>\n<li>8 puntos de conexi\u00f3n vers\u00e1tiles para un posicionamiento \u00f3ptimo<\/li>\n<li>Tres opciones de altura para tiradores diestros y zurdos<\/li>\n<li>Dos opciones de altura para montaje con las balas hacia afuera<\/li>\n<li>Enganche de asiento clave para una estabilidad inquebrantable<\/li>\n<\/ul>\n<p>La conexi\u00f3n mejorada de r\u00f3tula del Alpha-Xi garantiza una fuerza sin igual, incluso en condiciones intensas. Ya sea que te encuentres en posici\u00f3n de tiro tendido o sorteando obst\u00e1culos, esta funda est\u00e1 a la altura del desaf\u00edo. Experimenta el siguiente nivel de portabilidad de cargadores con la Funda Alpha-Xi: durabilidad y flexibilidad redefinidas.<\/p>\n<p><strong>Nota:<\/strong> Esta versi\u00f3n no incluye inserto.<\/p>\n","protected":false},"excerpt":{"rendered":"<p>Portacargador duradero con sistema avanzado de fijaci\u00f3n al cintur\u00f3n mediante articulaci\u00f3n esf\u00e9rica.<\/p>\n","protected":false},"featured_media":28284,"template":"","meta":{"_acf_changed":false},"product_brand":[11277],"product_cat":[12237,12246,12233,12271,12222],"product_tag":[],"class_list":{"0":"post-44555","1":"product","2":"type-product","3":"status-publish","4":"has-post-thumbnail","6":"product_brand-doublealpha","7":"product_cat-bolsas","8":"product_cat-equipo","9":"product_cat-funda","10":"product_cat-funda-deportiva","11":"product_cat-portacargadores","13":"first","14":"instock","15":"taxable","16":"shipping-taxable","17":"purchasable","18":"product-type-simple"},"acf":[],"_links":{"self":[{"href":"https:\/\/staging.nbg.eu\/es\/wp-json\/wp\/v2\/product\/44555","targetHints":{"allow":["GET"]}}],"collection":[{"href":"https:\/\/staging.nbg.eu\/es\/wp-json\/wp\/v2\/product"}],"about":[{"href":"https:\/\/staging.nbg.eu\/es\/wp-json\/wp\/v2\/types\/product"}],"wp:featuredmedia":[{"embeddable":true,"href":"https:\/\/staging.nbg.eu\/es\/wp-json\/wp\/v2\/media\/28284"}],"wp:attachment":[{"href":"https:\/\/staging.nbg.eu\/es\/wp-json\/wp\/v2\/media?parent=44555"}],"wp:term":[{"taxonomy":"product_brand","embeddable":true,"href":"https:\/\/staging.nbg.eu\/es\/wp-json\/wp\/v2\/product_brand?post=44555"},{"taxonomy":"product_cat","embeddable":true,"href":"https:\/\/staging.nbg.eu\/es\/wp-json\/wp\/v2\/product_cat?post=44555"},{"taxonomy":"product_tag","embeddable":true,"href":"https:\/\/staging.nbg.eu\/es\/wp-json\/wp\/v2\/product_tag?post=44555"}],"curies":[{"name":"wp","href":"https:\/\/api.w.org\/{rel}","templated":true}]}}