{"id":44533,"date":"2024-08-18T09:39:07","date_gmt":"2024-08-18T09:39:07","guid":{"rendered":"https:\/\/staging.nbg.eu\/product\/daa-pcc-magzine-pouch-type-glock\/"},"modified":"2024-09-10T08:33:45","modified_gmt":"2024-09-10T08:33:45","slug":"portacargador-daa-pcc-tipo-glock","status":"publish","type":"product","link":"https:\/\/staging.nbg.eu\/es\/producto\/portacargador-daa-pcc-tipo-glock\/","title":{"rendered":"Portacargador Daa Pcc &#8211; Tipo Glock"},"content":{"rendered":"<h2>Portacargador DAA PCC &#8211; Tipo Glock<\/h2>\n<p>Eleva tu juego de Carabina de Calibre de Pistola (PCC) con el Portacargador DAA PCC, dise\u00f1ado espec\u00edficamente para cargadores Glock. Esta funda personalizada aborda los desaf\u00edos \u00fanicos de las competiciones IPSC y USPSA.<\/p>\n<ul>\n<li>Construcci\u00f3n resistente de nylon reforzado con fibra<\/li>\n<li>Dise\u00f1o extra largo (12cm\/4.75&#8243;) para sujeci\u00f3n segura de cargadores de 40-50 cartuchos<\/li>\n<li>Fuerza de retenci\u00f3n ajustable con dos tornillos<\/li>\n<li>Ventana de recorte frontal para extracciones m\u00e1s r\u00e1pidas<\/li>\n<li>Borde superior biselado para recargas m\u00e1s r\u00e1pidas<\/li>\n<li>Dise\u00f1o ambidiestro con m\u00faltiples posiciones de altura<\/li>\n<li>Gran fijaci\u00f3n de r\u00f3tula para mayor durabilidad<\/li>\n<li>Sostiene los cargadores con las balas apuntando hacia atr\u00e1s para recargas de \u00abagarre de pu\u00f1o\u00bb<\/li>\n<\/ul>\n<p>Optimiza tu rendimiento en PCC con este portacargador dise\u00f1ado espec\u00edficamente por Double-Alpha.<\/p>\n","protected":false},"excerpt":{"rendered":"<p>Portacargador PCC para Glock: Ajuste personalizado, seguro, recargas r\u00e1pidas.<\/p>\n","protected":false},"featured_media":28422,"template":"","meta":{"_acf_changed":false},"product_brand":[11277],"product_cat":[12237,12246,12271,12222],"product_tag":[],"class_list":{"0":"post-44533","1":"product","2":"type-product","3":"status-publish","4":"has-post-thumbnail","6":"product_brand-doublealpha","7":"product_cat-bolsas","8":"product_cat-equipo","9":"product_cat-funda-deportiva","10":"product_cat-portacargadores","12":"first","13":"outofstock","14":"taxable","15":"shipping-taxable","16":"purchasable","17":"product-type-simple"},"acf":[],"_links":{"self":[{"href":"https:\/\/staging.nbg.eu\/es\/wp-json\/wp\/v2\/product\/44533","targetHints":{"allow":["GET"]}}],"collection":[{"href":"https:\/\/staging.nbg.eu\/es\/wp-json\/wp\/v2\/product"}],"about":[{"href":"https:\/\/staging.nbg.eu\/es\/wp-json\/wp\/v2\/types\/product"}],"wp:featuredmedia":[{"embeddable":true,"href":"https:\/\/staging.nbg.eu\/es\/wp-json\/wp\/v2\/media\/28422"}],"wp:attachment":[{"href":"https:\/\/staging.nbg.eu\/es\/wp-json\/wp\/v2\/media?parent=44533"}],"wp:term":[{"taxonomy":"product_brand","embeddable":true,"href":"https:\/\/staging.nbg.eu\/es\/wp-json\/wp\/v2\/product_brand?post=44533"},{"taxonomy":"product_cat","embeddable":true,"href":"https:\/\/staging.nbg.eu\/es\/wp-json\/wp\/v2\/product_cat?post=44533"},{"taxonomy":"product_tag","embeddable":true,"href":"https:\/\/staging.nbg.eu\/es\/wp-json\/wp\/v2\/product_tag?post=44533"}],"curies":[{"name":"wp","href":"https:\/\/api.w.org\/{rel}","templated":true}]}}