{"id":44510,"date":"2024-08-18T09:39:25","date_gmt":"2024-08-18T09:39:25","guid":{"rendered":"https:\/\/staging.nbg.eu\/product\/corn-cob-media-4kg\/"},"modified":"2024-09-10T08:26:41","modified_gmt":"2024-09-10T08:26:41","slug":"media-de-mazorca-de-maiz-4kg","status":"publish","type":"product","link":"https:\/\/staging.nbg.eu\/es\/producto\/media-de-mazorca-de-maiz-4kg\/","title":{"rendered":"Media de Mazorca de Ma\u00edz 4Kg"},"content":{"rendered":"<h2>Medios de Mazorca de Ma\u00edz 4Kg<\/h2>\n<p>Eleva tu juego de limpieza de lat\u00f3n con nuestros medios premium de Mazorca de Ma\u00edz de 4kg. Este medio de alta calidad est\u00e1 dise\u00f1ado para:<\/p>\n<ul>\n<li>Eliminar arenilla, suciedad y residuos de p\u00f3lvora de tus vainas<\/li>\n<li>Dar a tu lat\u00f3n un brillo hermoso<\/li>\n<li>Limpiar incluso los rincones m\u00e1s peque\u00f1os de los bordes de las vainas y los bolsillos de cebado<\/li>\n<\/ul>\n<p>Perfecto para usar en pulidoras y vibradores de tama\u00f1o peque\u00f1o a mediano, nuestro medio de grano peque\u00f1o asegura una limpieza completa de tus vainas de lat\u00f3n. La cantidad de 4kg permite m\u00faltiples usos, proporcionando un excelente valor por tu dinero.<\/p>\n<p>Aunque este medio puede usarse repetidamente, recomendamos reemplazarlo peri\u00f3dicamente para mantener resultados \u00f3ptimos de limpieza. \u00a1Invierte en nuestros Medios de Mazorca de Ma\u00edz hoy y experimenta la diferencia en tu proceso de recarga!<\/p>\n","protected":false},"excerpt":{"rendered":"<p>Medio de mazorca de ma\u00edz de 4 kg: Limpia y da brillo a las vainas de lat\u00f3n, reutilizable.<\/p>\n","protected":false},"featured_media":28583,"template":"","meta":{"_acf_changed":false},"product_brand":[],"product_cat":[12273,12275],"product_tag":[],"class_list":{"0":"post-44510","1":"product","2":"type-product","3":"status-publish","4":"has-post-thumbnail","6":"product_cat-preparacion-de-vainas","7":"product_cat-recarga","9":"first","10":"outofstock","11":"taxable","12":"shipping-taxable","13":"purchasable","14":"product-type-simple"},"acf":[],"_links":{"self":[{"href":"https:\/\/staging.nbg.eu\/es\/wp-json\/wp\/v2\/product\/44510","targetHints":{"allow":["GET"]}}],"collection":[{"href":"https:\/\/staging.nbg.eu\/es\/wp-json\/wp\/v2\/product"}],"about":[{"href":"https:\/\/staging.nbg.eu\/es\/wp-json\/wp\/v2\/types\/product"}],"wp:featuredmedia":[{"embeddable":true,"href":"https:\/\/staging.nbg.eu\/es\/wp-json\/wp\/v2\/media\/28583"}],"wp:attachment":[{"href":"https:\/\/staging.nbg.eu\/es\/wp-json\/wp\/v2\/media?parent=44510"}],"wp:term":[{"taxonomy":"product_brand","embeddable":true,"href":"https:\/\/staging.nbg.eu\/es\/wp-json\/wp\/v2\/product_brand?post=44510"},{"taxonomy":"product_cat","embeddable":true,"href":"https:\/\/staging.nbg.eu\/es\/wp-json\/wp\/v2\/product_cat?post=44510"},{"taxonomy":"product_tag","embeddable":true,"href":"https:\/\/staging.nbg.eu\/es\/wp-json\/wp\/v2\/product_tag?post=44510"}],"curies":[{"name":"wp","href":"https:\/\/api.w.org\/{rel}","templated":true}]}}