{"id":44390,"date":"2024-08-18T19:23:04","date_gmt":"2024-09-10T07:49:01","guid":{"rendered":"https:\/\/staging.nbg.eu\/product\/d%d0%b0%d0%b0-ratchet-inner-belt\/"},"modified":"2024-09-10T07:49:59","modified_gmt":"2024-09-10T07:49:59","slug":"daa-cinturon-interior-ratchet","status":"publish","type":"product","link":"https:\/\/staging.nbg.eu\/es\/producto\/daa-cinturon-interior-ratchet\/","title":{"rendered":"DAA Cintur\u00f3n Interior Ratchet"},"content":{"rendered":"<h2>Cintur\u00f3n Interior con Trinquete DAA<\/h2>\n<p>Experimente una comodidad sin igual con el innovador Cintur\u00f3n Interior con Trinquete DAA. Con una secci\u00f3n plegable \u00fanica dise\u00f1ada para situarse debajo del trinquete, este cintur\u00f3n elimina los puntos de presi\u00f3n inc\u00f3modos al apretar y acortar el cintur\u00f3n exterior.<\/p>\n<ul>\n<li>Secci\u00f3n plegable sin n\u00facleo de pl\u00e1stico ni Velcro para un f\u00e1cil doblado<\/li>\n<li>Extremos puntiagudos para un f\u00e1cil enhebrado a trav\u00e9s de las presillas del pantal\u00f3n<\/li>\n<li>Comodidad superior en comparaci\u00f3n con los cinturones interiores tradicionales<\/li>\n<li>Fabricado con los mismos materiales de alta calidad que los cinturones interiores DAA est\u00e1ndar<\/li>\n<\/ul>\n<p>Diga adi\u00f3s a la incomodidad causada por materiales duros que no se doblan f\u00e1cilmente. El Cintur\u00f3n Interior con Trinquete DAA garantiza un ajuste perfecto sin comprometer la comodidad, lo que lo convierte en la elecci\u00f3n perfecta para usuarios exigentes que demandan lo mejor en tecnolog\u00eda de cinturones.<\/p>\n","protected":false},"excerpt":{"rendered":"<p>Cintur\u00f3n interior c\u00f3modo con secci\u00f3n plegable para hebillas de trinquete.<\/p>\n","protected":false},"featured_media":29066,"template":"","meta":{"_acf_changed":false},"product_brand":[11277],"product_cat":[12249,12246],"product_tag":[],"class_list":{"0":"post-44390","1":"product","2":"type-product","3":"status-publish","4":"has-post-thumbnail","6":"product_brand-doublealpha","7":"product_cat-cinturones-deportivos","8":"product_cat-equipo","10":"first","11":"instock","12":"taxable","13":"shipping-taxable","14":"purchasable","15":"product-type-variable","16":"wvs-archive-product-wrapper"},"acf":[],"_links":{"self":[{"href":"https:\/\/staging.nbg.eu\/es\/wp-json\/wp\/v2\/product\/44390","targetHints":{"allow":["GET"]}}],"collection":[{"href":"https:\/\/staging.nbg.eu\/es\/wp-json\/wp\/v2\/product"}],"about":[{"href":"https:\/\/staging.nbg.eu\/es\/wp-json\/wp\/v2\/types\/product"}],"wp:featuredmedia":[{"embeddable":true,"href":"https:\/\/staging.nbg.eu\/es\/wp-json\/wp\/v2\/media\/29066"}],"wp:attachment":[{"href":"https:\/\/staging.nbg.eu\/es\/wp-json\/wp\/v2\/media?parent=44390"}],"wp:term":[{"taxonomy":"product_brand","embeddable":true,"href":"https:\/\/staging.nbg.eu\/es\/wp-json\/wp\/v2\/product_brand?post=44390"},{"taxonomy":"product_cat","embeddable":true,"href":"https:\/\/staging.nbg.eu\/es\/wp-json\/wp\/v2\/product_cat?post=44390"},{"taxonomy":"product_tag","embeddable":true,"href":"https:\/\/staging.nbg.eu\/es\/wp-json\/wp\/v2\/product_tag?post=44390"}],"curies":[{"name":"wp","href":"https:\/\/api.w.org\/{rel}","templated":true}]}}