{"id":44121,"date":"2024-03-14T09:38:02","date_gmt":"2024-03-14T09:38:02","guid":{"rendered":"https:\/\/staging.nbg.eu\/product\/producto-5\/"},"modified":"2024-09-13T10:02:24","modified_gmt":"2024-09-13T10:02:24","slug":"bore-tech-hisopos-de-algodon-paquete-de-100","status":"publish","type":"product","link":"https:\/\/staging.nbg.eu\/es\/producto\/bore-tech-hisopos-de-algodon-paquete-de-100\/","title":{"rendered":"Bore Tech HISOPOS DE ALGOD\u00d3N &#8211; PAQUETE DE 100"},"content":{"rendered":"<p>Hisopos de algod\u00f3n de Bore Tech: Para limpieza localizada y aplicaci\u00f3n precisa de solventes. Caracter\u00edsticas:<\/p>\n<ul>\n<li>Punta de algod\u00f3n de baja pelusa<\/li>\n<li>Mango flexible de bamb\u00fa de 6 pulgadas<\/li>\n<li>Para piezas de AR, grupos de gatillo y \u00e1reas de dif\u00edcil acceso<\/li>\n<li>Para aplicar grasa y limpiar peque\u00f1os recovecos<\/li>\n<\/ul>\n<p>Paquete de 100 unidades para el mantenimiento de armas de fuego.<\/p>\n","protected":false},"excerpt":{"rendered":"<p>Hisopos de limpieza de precisi\u00f3n para armas de fuego. Mango de bamb\u00fa de 6 pulgadas, punta de baja pelusa.<\/p>\n","protected":false},"featured_media":44122,"template":"","meta":{"_acf_changed":false},"product_brand":[11163],"product_cat":[12287,12260],"product_tag":[],"class_list":{"0":"post-44121","1":"product","2":"type-product","3":"status-publish","4":"has-post-thumbnail","6":"product_brand-boretech","7":"product_cat-cepillos","8":"product_cat-limpieza-de-armas","10":"first","11":"instock","12":"taxable","13":"shipping-taxable","14":"purchasable","15":"product-type-simple"},"acf":[],"_links":{"self":[{"href":"https:\/\/staging.nbg.eu\/es\/wp-json\/wp\/v2\/product\/44121","targetHints":{"allow":["GET"]}}],"collection":[{"href":"https:\/\/staging.nbg.eu\/es\/wp-json\/wp\/v2\/product"}],"about":[{"href":"https:\/\/staging.nbg.eu\/es\/wp-json\/wp\/v2\/types\/product"}],"wp:featuredmedia":[{"embeddable":true,"href":"https:\/\/staging.nbg.eu\/es\/wp-json\/wp\/v2\/media\/44122"}],"wp:attachment":[{"href":"https:\/\/staging.nbg.eu\/es\/wp-json\/wp\/v2\/media?parent=44121"}],"wp:term":[{"taxonomy":"product_brand","embeddable":true,"href":"https:\/\/staging.nbg.eu\/es\/wp-json\/wp\/v2\/product_brand?post=44121"},{"taxonomy":"product_cat","embeddable":true,"href":"https:\/\/staging.nbg.eu\/es\/wp-json\/wp\/v2\/product_cat?post=44121"},{"taxonomy":"product_tag","embeddable":true,"href":"https:\/\/staging.nbg.eu\/es\/wp-json\/wp\/v2\/product_tag?post=44121"}],"curies":[{"name":"wp","href":"https:\/\/api.w.org\/{rel}","templated":true}]}}