{"id":44035,"date":"2024-08-18T19:33:17","date_gmt":"2024-09-09T15:47:49","guid":{"rendered":"https:\/\/staging.nbg.eu\/product\/lynx-belt-single-link\/"},"modified":"2025-01-24T12:49:31","modified_gmt":"2025-01-24T12:49:31","slug":"lynx-belt-eslabon-simple","status":"publish","type":"product","link":"https:\/\/staging.nbg.eu\/es\/producto\/lynx-belt-eslabon-simple\/","title":{"rendered":"Lynx Belt Eslab\u00f3n Simple"},"content":{"rendered":"<div class=\"product-description\">\n<h2>Eslab\u00f3n individual para cintur\u00f3n Lynx<\/h2>\n<p>Personalice su cintur\u00f3n Lynx con eslabones individuales, creando una combinaci\u00f3n de colores:<\/p>\n<ul>\n<li>Elija entre 5 colores disponibles<\/li>\n<li>Dise\u00f1e su cintur\u00f3n para que coincida con su bandera nacional, club de tiro o uniforme<\/li>\n<li>Compre eslabones individuales en cualquier color y cantidad<\/li>\n<\/ul>\n<h3>Dimensiones:<\/h3>\n<ul>\n<li>Longitud: 33mm (de pin a pin)<\/li>\n<li>Altura: 38.7mm<\/li>\n<li>Grosor: 8.8mm (en la almohadilla de Velcro), 7mm (sin almohadilla)<\/li>\n<\/ul>\n<p>El eslab\u00f3n individual para cintur\u00f3n Lynx es una forma de personalizar su cintur\u00f3n.<\/p>\n<\/div>\n","protected":false},"excerpt":{"rendered":"<p>Eslab\u00f3n de cintur\u00f3n personalizable: 5 colores, combina y mezcla para dise\u00f1os \u00fanicos.<\/p>\n","protected":false},"featured_media":29158,"template":"","meta":{"_acf_changed":false},"product_brand":[11277],"product_cat":[12249,12246],"product_tag":[],"class_list":{"0":"post-44035","1":"product","2":"type-product","3":"status-publish","4":"has-post-thumbnail","6":"product_brand-doublealpha","7":"product_cat-cinturones-deportivos","8":"product_cat-equipo","10":"first","11":"instock","12":"taxable","13":"shipping-taxable","14":"purchasable","15":"product-type-variable","16":"wvs-archive-product-wrapper"},"acf":[],"_links":{"self":[{"href":"https:\/\/staging.nbg.eu\/es\/wp-json\/wp\/v2\/product\/44035","targetHints":{"allow":["GET"]}}],"collection":[{"href":"https:\/\/staging.nbg.eu\/es\/wp-json\/wp\/v2\/product"}],"about":[{"href":"https:\/\/staging.nbg.eu\/es\/wp-json\/wp\/v2\/types\/product"}],"wp:featuredmedia":[{"embeddable":true,"href":"https:\/\/staging.nbg.eu\/es\/wp-json\/wp\/v2\/media\/29158"}],"wp:attachment":[{"href":"https:\/\/staging.nbg.eu\/es\/wp-json\/wp\/v2\/media?parent=44035"}],"wp:term":[{"taxonomy":"product_brand","embeddable":true,"href":"https:\/\/staging.nbg.eu\/es\/wp-json\/wp\/v2\/product_brand?post=44035"},{"taxonomy":"product_cat","embeddable":true,"href":"https:\/\/staging.nbg.eu\/es\/wp-json\/wp\/v2\/product_cat?post=44035"},{"taxonomy":"product_tag","embeddable":true,"href":"https:\/\/staging.nbg.eu\/es\/wp-json\/wp\/v2\/product_tag?post=44035"}],"curies":[{"name":"wp","href":"https:\/\/api.w.org\/{rel}","templated":true}]}}