{"id":414788,"date":"2025-05-14T22:52:38","date_gmt":"2025-05-14T19:52:38","guid":{"rendered":"https:\/\/staging.nbg.eu\/product\/grip-kmr-s-dotmatrix-ergo-black\/"},"modified":"2025-07-03T13:18:51","modified_gmt":"2025-07-03T10:18:51","slug":"puno-kmr-s-dotmatrix-ergo-negro","status":"publish","type":"product","link":"https:\/\/staging.nbg.eu\/es\/producto\/puno-kmr-s-dotmatrix-ergo-negro\/","title":{"rendered":"Pu\u00f1o KMR S DOTMATRIX ERGO NEGRO"},"content":{"rendered":"<div class=\"product-description\">\n<h2>Empu\u00f1adura KMR S DOTMATRIX ERGO NEGRA<\/h2>\n<p>Empu\u00f1aduras de duraluminio con patr\u00f3n de pelota de golf para mejor agarre. Compatibles con KMR S-01 LANCE (OR), KMR S-02 (hasta 2023), y modelos CZ seleccionados incluyendo Shadow 1, Shadow 2, y SP-01.<\/p>\n<p>Referencia: 0611-03001-0101<\/p>\n<p>Marca: KMR Precision Arms<\/p>\n<\/div>\n","protected":false},"excerpt":{"rendered":"<p>Empu\u00f1aduras ergon\u00f3micas de duraluminio con patr\u00f3n de pelota de golf para un agarre seguro. Compatible con pistolas KMR y CZ.<\/p>\n","protected":false},"featured_media":359507,"template":"","meta":{"_acf_changed":false},"product_brand":[11503],"product_cat":[12280,12231],"product_tag":[],"class_list":{"0":"post-414788","1":"product","2":"type-product","3":"status-publish","4":"has-post-thumbnail","6":"product_brand-kmr-precision","7":"product_cat-piezas-de-pistola","8":"product_cat-piezas-kmr","10":"first","11":"instock","12":"taxable","13":"shipping-taxable","14":"purchasable","15":"product-type-simple"},"acf":[],"_links":{"self":[{"href":"https:\/\/staging.nbg.eu\/es\/wp-json\/wp\/v2\/product\/414788","targetHints":{"allow":["GET"]}}],"collection":[{"href":"https:\/\/staging.nbg.eu\/es\/wp-json\/wp\/v2\/product"}],"about":[{"href":"https:\/\/staging.nbg.eu\/es\/wp-json\/wp\/v2\/types\/product"}],"wp:featuredmedia":[{"embeddable":true,"href":"https:\/\/staging.nbg.eu\/es\/wp-json\/wp\/v2\/media\/359507"}],"wp:attachment":[{"href":"https:\/\/staging.nbg.eu\/es\/wp-json\/wp\/v2\/media?parent=414788"}],"wp:term":[{"taxonomy":"product_brand","embeddable":true,"href":"https:\/\/staging.nbg.eu\/es\/wp-json\/wp\/v2\/product_brand?post=414788"},{"taxonomy":"product_cat","embeddable":true,"href":"https:\/\/staging.nbg.eu\/es\/wp-json\/wp\/v2\/product_cat?post=414788"},{"taxonomy":"product_tag","embeddable":true,"href":"https:\/\/staging.nbg.eu\/es\/wp-json\/wp\/v2\/product_tag?post=414788"}],"curies":[{"name":"wp","href":"https:\/\/api.w.org\/{rel}","templated":true}]}}