{"id":414649,"date":"2025-07-03T12:35:09","date_gmt":"2025-07-03T09:35:09","guid":{"rendered":"https:\/\/staging.nbg.eu\/product\/grips-kmr-w-dotmatrix-black\/"},"modified":"2025-07-03T12:36:44","modified_gmt":"2025-07-03T09:36:44","slug":"punos-kmr-w-dotmatrix-negro","status":"publish","type":"product","link":"https:\/\/staging.nbg.eu\/es\/producto\/punos-kmr-w-dotmatrix-negro\/","title":{"rendered":"PU\u00d1OS KMR W DOTMATRIX NEGRO"},"content":{"rendered":"<div class=\"product-description\">\n<h2>EMPU\u00d1ADURAS KMR W DOTMATRIX NEGRAS<\/h2>\n<p>Empu\u00f1aduras de duraluminio para pistola KMR. El patr\u00f3n texturizado proporciona agarre. Para mejorar pistolas existentes o armar armas de competici\u00f3n. Caracter\u00edsticas:<\/p>\n<ul>\n<li>Tama\u00f1o largo<\/li>\n<li>Duraluminio anodizado<\/li>\n<li>Sin gu\u00eda de cargador<\/li>\n<li>Incluye tornillos torx<\/li>\n<li>Logo KMR<\/li>\n<\/ul>\n<p>Compatible con modelos KMR W-02 CUDA (hasta 2023), UMBRA y UMBRA (OR).<\/p>\n<\/div>\n","protected":false},"excerpt":{"rendered":"<p>Empu\u00f1aduras de duraluminio resistentes con textura de pelota de golf para pistolas KMR.<\/p>\n","protected":false},"featured_media":359346,"template":"","meta":{"_acf_changed":false},"product_brand":[11503],"product_cat":[12280,12231],"product_tag":[],"class_list":{"0":"post-414649","1":"product","2":"type-product","3":"status-publish","4":"has-post-thumbnail","6":"product_brand-kmr-precision","7":"product_cat-piezas-de-pistola","8":"product_cat-piezas-kmr","10":"first","11":"instock","12":"taxable","13":"shipping-taxable","14":"purchasable","15":"product-type-simple"},"acf":[],"_links":{"self":[{"href":"https:\/\/staging.nbg.eu\/es\/wp-json\/wp\/v2\/product\/414649","targetHints":{"allow":["GET"]}}],"collection":[{"href":"https:\/\/staging.nbg.eu\/es\/wp-json\/wp\/v2\/product"}],"about":[{"href":"https:\/\/staging.nbg.eu\/es\/wp-json\/wp\/v2\/types\/product"}],"wp:featuredmedia":[{"embeddable":true,"href":"https:\/\/staging.nbg.eu\/es\/wp-json\/wp\/v2\/media\/359346"}],"wp:attachment":[{"href":"https:\/\/staging.nbg.eu\/es\/wp-json\/wp\/v2\/media?parent=414649"}],"wp:term":[{"taxonomy":"product_brand","embeddable":true,"href":"https:\/\/staging.nbg.eu\/es\/wp-json\/wp\/v2\/product_brand?post=414649"},{"taxonomy":"product_cat","embeddable":true,"href":"https:\/\/staging.nbg.eu\/es\/wp-json\/wp\/v2\/product_cat?post=414649"},{"taxonomy":"product_tag","embeddable":true,"href":"https:\/\/staging.nbg.eu\/es\/wp-json\/wp\/v2\/product_tag?post=414649"}],"curies":[{"name":"wp","href":"https:\/\/api.w.org\/{rel}","templated":true}]}}