{"id":414534,"date":"2025-07-03T12:09:57","date_gmt":"2025-07-03T09:09:57","guid":{"rendered":"https:\/\/staging.nbg.eu\/product\/grips-kmr-w-dotmatrix-ergo-black\/"},"modified":"2025-07-03T12:11:32","modified_gmt":"2025-07-03T09:11:32","slug":"punos-kmr-w-dotmatrix-ergo-negro","status":"publish","type":"product","link":"https:\/\/staging.nbg.eu\/es\/producto\/punos-kmr-w-dotmatrix-ergo-negro\/","title":{"rendered":"PU\u00d1OS KMR W DOTMATRIX ERGO NEGRO"},"content":{"rendered":"<div class=\"product-description\">\n<h2>EMPU\u00d1ADURAS KMR W DOTMATRIX ERGO NEGRAS<\/h2>\n<p>Mejore su pistola KMR con estas empu\u00f1aduras de duraluminio con un patr\u00f3n de pelota de golf para un agarre superior. Adecuadas para mejoras o construcciones de competici\u00f3n, estas empu\u00f1aduras ergon\u00f3micas aseguran un manejo confiable. Compatibles con los modelos KMR W-02 CUDA (hasta 2023), UMBRA y UMBRA (OR).<\/p>\n<p><strong>Referencia:<\/strong> 0611-03305-0101<\/p>\n<p><strong>Marca:<\/strong> KMR Precision Arms<\/p>\n<\/div>\n","protected":false},"excerpt":{"rendered":"<p>Empu\u00f1aduras duraderas con patr\u00f3n de pelota de golf para pistolas KMR.<\/p>\n","protected":false},"featured_media":359369,"template":"","meta":{"_acf_changed":false},"product_brand":[11503],"product_cat":[12280,12231],"product_tag":[],"class_list":{"0":"post-414534","1":"product","2":"type-product","3":"status-publish","4":"has-post-thumbnail","6":"product_brand-kmr-precision","7":"product_cat-piezas-de-pistola","8":"product_cat-piezas-kmr","10":"first","11":"instock","12":"taxable","13":"shipping-taxable","14":"purchasable","15":"product-type-simple"},"acf":[],"_links":{"self":[{"href":"https:\/\/staging.nbg.eu\/es\/wp-json\/wp\/v2\/product\/414534","targetHints":{"allow":["GET"]}}],"collection":[{"href":"https:\/\/staging.nbg.eu\/es\/wp-json\/wp\/v2\/product"}],"about":[{"href":"https:\/\/staging.nbg.eu\/es\/wp-json\/wp\/v2\/types\/product"}],"wp:featuredmedia":[{"embeddable":true,"href":"https:\/\/staging.nbg.eu\/es\/wp-json\/wp\/v2\/media\/359369"}],"wp:attachment":[{"href":"https:\/\/staging.nbg.eu\/es\/wp-json\/wp\/v2\/media?parent=414534"}],"wp:term":[{"taxonomy":"product_brand","embeddable":true,"href":"https:\/\/staging.nbg.eu\/es\/wp-json\/wp\/v2\/product_brand?post=414534"},{"taxonomy":"product_cat","embeddable":true,"href":"https:\/\/staging.nbg.eu\/es\/wp-json\/wp\/v2\/product_cat?post=414534"},{"taxonomy":"product_tag","embeddable":true,"href":"https:\/\/staging.nbg.eu\/es\/wp-json\/wp\/v2\/product_tag?post=414534"}],"curies":[{"name":"wp","href":"https:\/\/api.w.org\/{rel}","templated":true}]}}