{"id":411792,"date":"2025-05-14T22:52:01","date_gmt":"2025-05-14T19:52:01","guid":{"rendered":"https:\/\/staging.nbg.eu\/product\/grips-kmr-w-dotmatrix-ergo-red\/"},"modified":"2025-07-01T17:35:55","modified_gmt":"2025-07-01T14:35:55","slug":"punos-kmr-w-dotmatrix-ergo-rojo","status":"publish","type":"product","link":"https:\/\/staging.nbg.eu\/es\/producto\/punos-kmr-w-dotmatrix-ergo-rojo\/","title":{"rendered":"PU\u00d1OS KMR W DOTMATRIX ERGO ROJO"},"content":{"rendered":"<div class=\"product-description\">\n<h2>EMPU\u00d1ADURAS KMR W DOTMATRIX ERGO ROJO<\/h2>\n<p>Empu\u00f1aduras de duraluminio para pistola KMR con patr\u00f3n de pelota de golf para mejor agarre. Para competici\u00f3n o mejora de armas existentes. Dise\u00f1adas para modelos KMR W-02 CUDA (hasta 2023), UMBRA y UMBRA (OR).<\/p>\n<ul>\n<li>Referencia: 0611-03305-0101<\/li>\n<li>Marca: KMR Precision Arms<\/li>\n<li>Material: Duraluminio<\/li>\n<\/ul>\n<\/div>\n","protected":false},"excerpt":{"rendered":"<p>Empu\u00f1aduras duraderas y ergon\u00f3micas para pistolas KMR. Agarre seguro.<\/p>\n","protected":false},"featured_media":359415,"template":"","meta":{"_acf_changed":false},"product_brand":[11503],"product_cat":[12280,12231],"product_tag":[],"class_list":{"0":"post-411792","1":"product","2":"type-product","3":"status-publish","4":"has-post-thumbnail","6":"product_brand-kmr-precision","7":"product_cat-piezas-de-pistola","8":"product_cat-piezas-kmr","10":"first","11":"outofstock","12":"taxable","13":"shipping-taxable","14":"purchasable","15":"product-type-simple"},"acf":[],"_links":{"self":[{"href":"https:\/\/staging.nbg.eu\/es\/wp-json\/wp\/v2\/product\/411792","targetHints":{"allow":["GET"]}}],"collection":[{"href":"https:\/\/staging.nbg.eu\/es\/wp-json\/wp\/v2\/product"}],"about":[{"href":"https:\/\/staging.nbg.eu\/es\/wp-json\/wp\/v2\/types\/product"}],"wp:featuredmedia":[{"embeddable":true,"href":"https:\/\/staging.nbg.eu\/es\/wp-json\/wp\/v2\/media\/359415"}],"wp:attachment":[{"href":"https:\/\/staging.nbg.eu\/es\/wp-json\/wp\/v2\/media?parent=411792"}],"wp:term":[{"taxonomy":"product_brand","embeddable":true,"href":"https:\/\/staging.nbg.eu\/es\/wp-json\/wp\/v2\/product_brand?post=411792"},{"taxonomy":"product_cat","embeddable":true,"href":"https:\/\/staging.nbg.eu\/es\/wp-json\/wp\/v2\/product_cat?post=411792"},{"taxonomy":"product_tag","embeddable":true,"href":"https:\/\/staging.nbg.eu\/es\/wp-json\/wp\/v2\/product_tag?post=411792"}],"curies":[{"name":"wp","href":"https:\/\/api.w.org\/{rel}","templated":true}]}}