{"id":411682,"date":"2025-07-01T17:26:21","date_gmt":"2025-07-01T14:26:21","guid":{"rendered":"https:\/\/staging.nbg.eu\/product\/grips-kmr-w-dotmatrix-ergo-silver\/"},"modified":"2025-07-01T17:27:54","modified_gmt":"2025-07-01T14:27:54","slug":"empunaduras-kmr-w-dotmatrix-ergo-plata","status":"publish","type":"product","link":"https:\/\/staging.nbg.eu\/es\/producto\/empunaduras-kmr-w-dotmatrix-ergo-plata\/","title":{"rendered":"EMPUNADURAS KMR W DOTMATRIX ERGO PLATA"},"content":{"rendered":"<div class=\"product-description\">\n<h2>EMPU\u00d1ADURAS KMR W DOTMATRIX ERGO PLATA<\/h2>\n<p>Empu\u00f1aduras de duraluminio para pistola KMR. El patr\u00f3n de pelota de golf proporciona un agarre firme. Adecuadas para mejoras o construcciones de competici\u00f3n, estas empu\u00f1aduras ofrecen un agarre seguro.<\/p>\n<ul>\n<li>Referencia: 0611-03305-0101<\/li>\n<li>Marca: KMR Precision Arms<\/li>\n<li>Compatible con: modelos KMR W-02 CUDA, UMBRA y UMBRA (OR)<\/li>\n<\/ul>\n<\/div>\n","protected":false},"excerpt":{"rendered":"<p>Empu\u00f1aduras ergon\u00f3micas de duraluminio con patr\u00f3n de pelota de golf para pistolas KMR. Agarre seguro en cualquier situaci\u00f3n.<\/p>\n","protected":false},"featured_media":359438,"template":"","meta":{"_acf_changed":false},"product_brand":[11503],"product_cat":[12280,12231],"product_tag":[],"class_list":{"0":"post-411682","1":"product","2":"type-product","3":"status-publish","4":"has-post-thumbnail","6":"product_brand-kmr-precision","7":"product_cat-piezas-de-pistola","8":"product_cat-piezas-kmr","10":"first","11":"instock","12":"taxable","13":"shipping-taxable","14":"purchasable","15":"product-type-simple"},"acf":[],"_links":{"self":[{"href":"https:\/\/staging.nbg.eu\/es\/wp-json\/wp\/v2\/product\/411682","targetHints":{"allow":["GET"]}}],"collection":[{"href":"https:\/\/staging.nbg.eu\/es\/wp-json\/wp\/v2\/product"}],"about":[{"href":"https:\/\/staging.nbg.eu\/es\/wp-json\/wp\/v2\/types\/product"}],"wp:featuredmedia":[{"embeddable":true,"href":"https:\/\/staging.nbg.eu\/es\/wp-json\/wp\/v2\/media\/359438"}],"wp:attachment":[{"href":"https:\/\/staging.nbg.eu\/es\/wp-json\/wp\/v2\/media?parent=411682"}],"wp:term":[{"taxonomy":"product_brand","embeddable":true,"href":"https:\/\/staging.nbg.eu\/es\/wp-json\/wp\/v2\/product_brand?post=411682"},{"taxonomy":"product_cat","embeddable":true,"href":"https:\/\/staging.nbg.eu\/es\/wp-json\/wp\/v2\/product_cat?post=411682"},{"taxonomy":"product_tag","embeddable":true,"href":"https:\/\/staging.nbg.eu\/es\/wp-json\/wp\/v2\/product_tag?post=411682"}],"curies":[{"name":"wp","href":"https:\/\/api.w.org\/{rel}","templated":true}]}}