{"id":411572,"date":"2025-07-01T17:19:08","date_gmt":"2025-07-01T14:19:08","guid":{"rendered":"https:\/\/staging.nbg.eu\/product\/grips-kmr-w-dotmatrix-silver\/"},"modified":"2025-07-01T17:20:40","modified_gmt":"2025-07-01T14:20:40","slug":"empunaduras-kmr-w-dotmatrix-plata","status":"publish","type":"product","link":"https:\/\/staging.nbg.eu\/es\/producto\/empunaduras-kmr-w-dotmatrix-plata\/","title":{"rendered":"EMPUNADURAS KMR W DOTMATRIX PLATA"},"content":{"rendered":"<div class=\"product-description\">\n<h2>CACHAS KMR W DOTMATRIX PLATA<\/h2>\n<p>Cachas de duraluminio para pistola KMR. Textura con patr\u00f3n de pelota de golf. Compatible con modelos KMR W-02 CUDA (hasta 2023), UMBRA y UMBRA (OR).<\/p>\n<ul>\n<li>Referencia: 0611-03301-0102<\/li>\n<li>Marca: KMR Precision Arms<\/li>\n<li>Material: Duraluminio<\/li>\n<\/ul>\n<\/div>\n","protected":false},"excerpt":{"rendered":"<p>Empu\u00f1aduras de duraluminio texturizado para pistolas KMR. El patr\u00f3n de pelota de golf garantiza un agarre seguro en cualquier situaci\u00f3n.<\/p>\n","protected":false},"featured_media":359461,"template":"","meta":{"_acf_changed":false},"product_brand":[11503],"product_cat":[12280,12231],"product_tag":[],"class_list":{"0":"post-411572","1":"product","2":"type-product","3":"status-publish","4":"has-post-thumbnail","6":"product_brand-kmr-precision","7":"product_cat-piezas-de-pistola","8":"product_cat-piezas-kmr","10":"first","11":"instock","12":"taxable","13":"shipping-taxable","14":"purchasable","15":"product-type-simple"},"acf":[],"_links":{"self":[{"href":"https:\/\/staging.nbg.eu\/es\/wp-json\/wp\/v2\/product\/411572","targetHints":{"allow":["GET"]}}],"collection":[{"href":"https:\/\/staging.nbg.eu\/es\/wp-json\/wp\/v2\/product"}],"about":[{"href":"https:\/\/staging.nbg.eu\/es\/wp-json\/wp\/v2\/types\/product"}],"wp:featuredmedia":[{"embeddable":true,"href":"https:\/\/staging.nbg.eu\/es\/wp-json\/wp\/v2\/media\/359461"}],"wp:attachment":[{"href":"https:\/\/staging.nbg.eu\/es\/wp-json\/wp\/v2\/media?parent=411572"}],"wp:term":[{"taxonomy":"product_brand","embeddable":true,"href":"https:\/\/staging.nbg.eu\/es\/wp-json\/wp\/v2\/product_brand?post=411572"},{"taxonomy":"product_cat","embeddable":true,"href":"https:\/\/staging.nbg.eu\/es\/wp-json\/wp\/v2\/product_cat?post=411572"},{"taxonomy":"product_tag","embeddable":true,"href":"https:\/\/staging.nbg.eu\/es\/wp-json\/wp\/v2\/product_tag?post=411572"}],"curies":[{"name":"wp","href":"https:\/\/api.w.org\/{rel}","templated":true}]}}