{"id":411355,"date":"2025-07-01T17:02:12","date_gmt":"2025-07-01T14:02:12","guid":{"rendered":"https:\/\/staging.nbg.eu\/product\/grips-kmr-w-modular-sandpaper-titan\/"},"modified":"2025-07-01T17:03:44","modified_gmt":"2025-07-01T14:03:44","slug":"empunaduras-kmr-w-modular-lija-titan","status":"publish","type":"product","link":"https:\/\/staging.nbg.eu\/es\/producto\/empunaduras-kmr-w-modular-lija-titan\/","title":{"rendered":"EMPUNADURAS KMR W MODULAR LIJA TITAN"},"content":{"rendered":"<h2>EMPU\u00d1ADURA KMR W MODULAR PAPEL DE LIJA TITAN<\/h2>\n<p>Mejore el agarre de su arma de fuego con la EMPU\u00d1ADURA KMR W MODULAR PAPEL DE LIJA TITAN. Esta empu\u00f1adura larga est\u00e1 fabricada en duraluminio anodizado para mayor resistencia y durabilidad. Dise\u00f1ada para uso sin gu\u00eda de cargador, ofrece un agarre personalizable para mejorar el control y la precisi\u00f3n. El paquete incluye tornillos torx para facilitar la instalaci\u00f3n. Presenta el logotipo KMR.<\/p>\n<p><strong>Referencia:<\/strong> 0611-03304-0101<\/p>\n","protected":false},"excerpt":{"rendered":"<p>Empu\u00f1adura KMR larga y duradera. Duraluminio anodizado.<\/p>\n","protected":false},"featured_media":359306,"template":"","meta":{"_acf_changed":false},"product_brand":[11503],"product_cat":[12280,12231],"product_tag":[],"class_list":{"0":"post-411355","1":"product","2":"type-product","3":"status-publish","4":"has-post-thumbnail","6":"product_brand-kmr-precision","7":"product_cat-piezas-de-pistola","8":"product_cat-piezas-kmr","10":"first","11":"instock","12":"taxable","13":"shipping-taxable","14":"purchasable","15":"product-type-simple"},"acf":[],"_links":{"self":[{"href":"https:\/\/staging.nbg.eu\/es\/wp-json\/wp\/v2\/product\/411355","targetHints":{"allow":["GET"]}}],"collection":[{"href":"https:\/\/staging.nbg.eu\/es\/wp-json\/wp\/v2\/product"}],"about":[{"href":"https:\/\/staging.nbg.eu\/es\/wp-json\/wp\/v2\/types\/product"}],"wp:featuredmedia":[{"embeddable":true,"href":"https:\/\/staging.nbg.eu\/es\/wp-json\/wp\/v2\/media\/359306"}],"wp:attachment":[{"href":"https:\/\/staging.nbg.eu\/es\/wp-json\/wp\/v2\/media?parent=411355"}],"wp:term":[{"taxonomy":"product_brand","embeddable":true,"href":"https:\/\/staging.nbg.eu\/es\/wp-json\/wp\/v2\/product_brand?post=411355"},{"taxonomy":"product_cat","embeddable":true,"href":"https:\/\/staging.nbg.eu\/es\/wp-json\/wp\/v2\/product_cat?post=411355"},{"taxonomy":"product_tag","embeddable":true,"href":"https:\/\/staging.nbg.eu\/es\/wp-json\/wp\/v2\/product_tag?post=411355"}],"curies":[{"name":"wp","href":"https:\/\/api.w.org\/{rel}","templated":true}]}}