{"id":411081,"date":"2025-07-01T16:47:43","date_gmt":"2025-07-01T13:47:43","guid":{"rendered":"https:\/\/staging.nbg.eu\/product\/surefire-ep7-bk-mpr-bulk-ear-plugs\/"},"modified":"2025-07-01T16:49:19","modified_gmt":"2025-07-01T13:49:19","slug":"surefire-ep7-bk-mpr-bulk-tapones-para-oidos","status":"publish","type":"product","link":"https:\/\/staging.nbg.eu\/es\/producto\/surefire-ep7-bk-mpr-bulk-tapones-para-oidos\/","title":{"rendered":"Surefire EP7-BK-MPR-BULK Tapones para Oidos"},"content":{"rendered":"<div class=\"product-description\">\n<h2>Tapones para o\u00eddos Surefire EP7-BK-MPR-BULK<\/h2>\n<h2>Protecci\u00f3n auditiva avanzada<\/h2>\n<p>Los tapones para o\u00eddos Surefire EP7 Sonic Defenders Ultra ofrecen protecci\u00f3n auditiva con una clasificaci\u00f3n de reducci\u00f3n de ruido (NRR) de 28 dB, protegiendo contra la p\u00e9rdida de audici\u00f3n inducida por ruido (NIHL).<\/p>\n<h3>Caracter\u00edsticas principales:<\/h3>\n<ul>\n<li>Dise\u00f1o con puntas de espuma Comply\u2122 Canal Tips<\/li>\n<li>NRR de 28 dB con tapas de filtro insertadas<\/li>\n<li>Permite el paso de niveles de sonido seguros mientras reduce ruidos da\u00f1inos por encima de 85 dB<\/li>\n<li>Anillos de retenci\u00f3n EarLock\u00ae con siete puntos de contacto<\/li>\n<li>Fabricados con pol\u00edmero hipoalerg\u00e9nico de grado m\u00e9dico<\/li>\n<li>Dise\u00f1o de bajo perfil compatible con m\u00e1scaras, cascos y auriculares<\/li>\n<li>Tapas de filtro acoplables para protecci\u00f3n adicional<\/li>\n<li>Compatible con varios sistemas de comunicaci\u00f3n por radio<\/li>\n<\/ul>\n<h3>Informaci\u00f3n adicional:<\/h3>\n<ul>\n<li>Disponible en transparente, negro o naranja<\/li>\n<li>Incluye cord\u00f3n de pol\u00edmero de 66 cm y par extra de puntas Comply\u2122 Canal<\/li>\n<li>Tallas: Peque\u00f1a (S), Mediana (M) y Grande (L)<\/li>\n<li>Declaraci\u00f3n de conformidad disponible en surefire.com\/doc-ep7<\/li>\n<\/ul>\n<p>Los tapones para o\u00eddos Surefire EP7 Sonic Defenders Ultra son adecuados para uso profesional y recreativo, ofreciendo protecci\u00f3n auditiva.<\/p>\n<\/div>\n","protected":false},"excerpt":{"rendered":"<p>Tapones protectores para los o\u00eddos con NRR de 28 dB. Permite sonidos seguros. Puntas de espuma c\u00f3modas.<\/p>\n","protected":false},"featured_media":399777,"template":"","meta":{"_acf_changed":false},"product_brand":[11874],"product_cat":[12246,12241],"product_tag":[],"class_list":{"0":"post-411081","1":"product","2":"type-product","3":"status-publish","4":"has-post-thumbnail","6":"product_brand-surefire","7":"product_cat-equipo","8":"product_cat-proteccion-auditiva","10":"first","11":"instock","12":"taxable","13":"shipping-taxable","14":"purchasable","15":"product-type-simple"},"acf":[],"_links":{"self":[{"href":"https:\/\/staging.nbg.eu\/es\/wp-json\/wp\/v2\/product\/411081","targetHints":{"allow":["GET"]}}],"collection":[{"href":"https:\/\/staging.nbg.eu\/es\/wp-json\/wp\/v2\/product"}],"about":[{"href":"https:\/\/staging.nbg.eu\/es\/wp-json\/wp\/v2\/types\/product"}],"wp:featuredmedia":[{"embeddable":true,"href":"https:\/\/staging.nbg.eu\/es\/wp-json\/wp\/v2\/media\/399777"}],"wp:attachment":[{"href":"https:\/\/staging.nbg.eu\/es\/wp-json\/wp\/v2\/media?parent=411081"}],"wp:term":[{"taxonomy":"product_brand","embeddable":true,"href":"https:\/\/staging.nbg.eu\/es\/wp-json\/wp\/v2\/product_brand?post=411081"},{"taxonomy":"product_cat","embeddable":true,"href":"https:\/\/staging.nbg.eu\/es\/wp-json\/wp\/v2\/product_cat?post=411081"},{"taxonomy":"product_tag","embeddable":true,"href":"https:\/\/staging.nbg.eu\/es\/wp-json\/wp\/v2\/product_tag?post=411081"}],"curies":[{"name":"wp","href":"https:\/\/api.w.org\/{rel}","templated":true}]}}