{"id":410772,"date":"2025-07-01T16:32:02","date_gmt":"2025-07-01T13:32:02","guid":{"rendered":"https:\/\/staging.nbg.eu\/product\/surefire-csm-09-push-button-switch\/"},"modified":"2025-07-01T16:33:38","modified_gmt":"2025-07-01T13:33:38","slug":"surefire-csm-09-interruptor-de-boton","status":"publish","type":"product","link":"https:\/\/staging.nbg.eu\/es\/producto\/surefire-csm-09-interruptor-de-boton\/","title":{"rendered":"Surefire CSM-09 Interruptor de Boton"},"content":{"rendered":"<div class=\"product-description\">\n<h2>Interruptor de bot\u00f3n Surefire CSM-09<\/h2>\n<h2>Control remoto. Ahorro de espacio.<\/h2>\n<p>El interruptor de bot\u00f3n CSM-09 es una soluci\u00f3n para activar remotamente su luz de arma SureFire mientras maximiza el espacio en el riel de su arma de fuego. Este interruptor compacto ofrece funcionalidad de encendido moment\u00e1neo y constante desde un solo control.<\/p>\n<h3>Caracter\u00edsticas principales:<\/h3>\n<ul>\n<li>Activaci\u00f3n remota para luces de arma SureFire con tomas de interruptor<\/li>\n<li>Dise\u00f1o compacto para utilizaci\u00f3n eficiente del espacio en el riel<\/li>\n<li>F\u00e1cil fijaci\u00f3n a rieles M-LOK<\/li>\n<li>Construcci\u00f3n resistente a la intemperie<\/li>\n<li>Cable de 9 pulgadas adecuado para la mayor\u00eda de aplicaciones de rifle\/carabina<\/li>\n<\/ul>\n<h3>Compatibilidad:<\/h3>\n<p>El CSM-09 es compatible con una amplia gama de luces de arma SureFire, incluyendo:<\/p>\n<ul>\n<li>Millennium Universal<\/li>\n<li>Classic Universal<\/li>\n<li>Scout Light (con tapa trasera con toma)<\/li>\n<li>X300<\/li>\n<li>X400 (con conjunto de tapa trasera XT)<\/li>\n<\/ul>\n<h3>Operaci\u00f3n:<\/h3>\n<p>Active su luz de arma:<\/p>\n<ul>\n<li>Presi\u00f3n ligera para activaci\u00f3n moment\u00e1nea<\/li>\n<li>Clic completo para modo constante<\/li>\n<\/ul>\n<p>El interruptor de bot\u00f3n CSM-09 asegura que su luz de arma est\u00e9 lista cuando la necesite. Es duradero y preciso para todas sus necesidades de iluminaci\u00f3n t\u00e1ctica.<\/p>\n<\/div>\n","protected":false},"excerpt":{"rendered":"<p>Interruptor remoto compacto M-LOK para linternas de armas SureFire. Activaci\u00f3n moment\u00e1nea y constante.<\/p>\n","protected":false},"featured_media":399902,"template":"","meta":{"_acf_changed":false},"product_brand":[11874],"product_cat":[12294,12270],"product_tag":[],"class_list":{"0":"post-410772","1":"product","2":"type-product","3":"status-publish","4":"has-post-thumbnail","6":"product_brand-surefire","7":"product_cat-accesorios-para-linterna","8":"product_cat-linternas","10":"first","11":"instock","12":"taxable","13":"shipping-taxable","14":"purchasable","15":"product-type-simple"},"acf":[],"_links":{"self":[{"href":"https:\/\/staging.nbg.eu\/es\/wp-json\/wp\/v2\/product\/410772","targetHints":{"allow":["GET"]}}],"collection":[{"href":"https:\/\/staging.nbg.eu\/es\/wp-json\/wp\/v2\/product"}],"about":[{"href":"https:\/\/staging.nbg.eu\/es\/wp-json\/wp\/v2\/types\/product"}],"wp:featuredmedia":[{"embeddable":true,"href":"https:\/\/staging.nbg.eu\/es\/wp-json\/wp\/v2\/media\/399902"}],"wp:attachment":[{"href":"https:\/\/staging.nbg.eu\/es\/wp-json\/wp\/v2\/media?parent=410772"}],"wp:term":[{"taxonomy":"product_brand","embeddable":true,"href":"https:\/\/staging.nbg.eu\/es\/wp-json\/wp\/v2\/product_brand?post=410772"},{"taxonomy":"product_cat","embeddable":true,"href":"https:\/\/staging.nbg.eu\/es\/wp-json\/wp\/v2\/product_cat?post=410772"},{"taxonomy":"product_tag","embeddable":true,"href":"https:\/\/staging.nbg.eu\/es\/wp-json\/wp\/v2\/product_tag?post=410772"}],"curies":[{"name":"wp","href":"https:\/\/api.w.org\/{rel}","templated":true}]}}