{"id":409702,"date":"2025-07-01T13:42:05","date_gmt":"2025-07-01T10:42:05","guid":{"rendered":"https:\/\/staging.nbg.eu\/product\/surefire-m340v-tn-pro-scout-light-pro\/"},"modified":"2025-07-01T13:43:42","modified_gmt":"2025-07-01T10:43:42","slug":"surefire-m340v-tn-pro-scout-light-pro","status":"publish","type":"product","link":"https:\/\/staging.nbg.eu\/es\/producto\/surefire-m340v-tn-pro-scout-light-pro\/","title":{"rendered":"Surefire M340V-TN-PRO Scout Light Pro"},"content":{"rendered":"<h2>Surefire M340V-TN-PRO Scout Light Pro<\/h2>\n<h2>Luz para la oscuridad<\/h2>\n<p>La Mini Infrared Scout Light\u00ae Pro es una luz de arma de 3 voltios dise\u00f1ada para proporcionar ventajas en cualquier condici\u00f3n de iluminaci\u00f3n. Esta herramienta de iluminaci\u00f3n ofrece:<\/p>\n<ul>\n<li>250 l\u00famenes de luz blanca<\/li>\n<li>100 mW de iluminaci\u00f3n infrarroja invisible para dispositivos de visi\u00f3n nocturna<\/li>\n<li>No requiere filtros IR o l\u00e1mparas de repuesto<\/li>\n<li>Nuevo montaje de bajo perfil (LPM) de SureFire para versatilidad<\/li>\n<li>F\u00e1cil cambio entre modos de luz blanca, desactivado e infrarrojo<\/li>\n<li>Lente TIR para un haz ajustado para aplicaciones de corto a medio alcance<\/li>\n<\/ul>\n<h3>Construcci\u00f3n resistente<\/h3>\n<p>Construido para soportar condiciones dif\u00edciles, el M340V-TN-PRO presenta:<\/p>\n<ul>\n<li>Cuerpo de aluminio aeroespacial de alta resistencia<\/li>\n<li>Anodizado duro de especificaci\u00f3n militar para resistencia y anticorrosi\u00f3n<\/li>\n<li>LEDs IR y blancos muy resistentes<\/li>\n<li>Clasificaci\u00f3n de resistencia al agua IPX7<\/li>\n<\/ul>\n<h3>Especificaciones principales<\/h3>\n<ul>\n<li>Salida: 250 l\u00famenes (blanco) \/ 100 mW (IR)<\/li>\n<li>Duraci\u00f3n: 1.5 horas (blanco) \/ 6.0 horas (IR)<\/li>\n<li>Intensidad m\u00e1xima del haz: 9,300 candelas<\/li>\n<li>Distancia del haz: 190 metros<\/li>\n<li>Longitud: 4.1 pulgadas (10.4 cm)<\/li>\n<li>Peso: 3.4 oz (96.4 g) con bater\u00eda<\/li>\n<li>Alimentaci\u00f3n: Una bater\u00eda de litio 123A (incluida)<\/li>\n<\/ul>\n<p>El Surefire M340V-TN-PRO Scout Light Pro ofrece versatilidad y rendimiento para situaciones t\u00e1cticas con poca luz.<\/p>\n","protected":false},"excerpt":{"rendered":"<p>Luz t\u00e1ctica vers\u00e1til con 250 l\u00famenes en blanco\/100mW IR, dise\u00f1o resistente, montaje en riel.<\/p>\n","protected":false},"featured_media":400328,"template":"","meta":{"_acf_changed":false},"product_brand":[11874],"product_cat":[12270,12230],"product_tag":[],"class_list":{"0":"post-409702","1":"product","2":"type-product","3":"status-publish","4":"has-post-thumbnail","6":"product_brand-surefire","7":"product_cat-linternas","8":"product_cat-linternas-para-rifle","10":"first","11":"instock","12":"taxable","13":"shipping-taxable","14":"purchasable","15":"product-type-simple"},"acf":[],"_links":{"self":[{"href":"https:\/\/staging.nbg.eu\/es\/wp-json\/wp\/v2\/product\/409702","targetHints":{"allow":["GET"]}}],"collection":[{"href":"https:\/\/staging.nbg.eu\/es\/wp-json\/wp\/v2\/product"}],"about":[{"href":"https:\/\/staging.nbg.eu\/es\/wp-json\/wp\/v2\/types\/product"}],"wp:featuredmedia":[{"embeddable":true,"href":"https:\/\/staging.nbg.eu\/es\/wp-json\/wp\/v2\/media\/400328"}],"wp:attachment":[{"href":"https:\/\/staging.nbg.eu\/es\/wp-json\/wp\/v2\/media?parent=409702"}],"wp:term":[{"taxonomy":"product_brand","embeddable":true,"href":"https:\/\/staging.nbg.eu\/es\/wp-json\/wp\/v2\/product_brand?post=409702"},{"taxonomy":"product_cat","embeddable":true,"href":"https:\/\/staging.nbg.eu\/es\/wp-json\/wp\/v2\/product_cat?post=409702"},{"taxonomy":"product_tag","embeddable":true,"href":"https:\/\/staging.nbg.eu\/es\/wp-json\/wp\/v2\/product_tag?post=409702"}],"curies":[{"name":"wp","href":"https:\/\/api.w.org\/{rel}","templated":true}]}}