{"id":405884,"date":"2025-06-30T21:20:40","date_gmt":"2025-06-30T18:20:40","guid":{"rendered":"https:\/\/staging.nbg.eu\/product\/surefire-scout-infrared-light-m640v-pro-tan\/"},"modified":"2025-06-30T21:21:55","modified_gmt":"2025-06-30T18:21:55","slug":"surefire-luz-infrarroja-scout-m640v-pro-tan","status":"publish","type":"product","link":"https:\/\/staging.nbg.eu\/es\/producto\/surefire-luz-infrarroja-scout-m640v-pro-tan\/","title":{"rendered":"SureFire Luz Infrarroja Scout &#8211; M640V PRO &#8211; Tan"},"content":{"rendered":"<h2>Luz Infrarroja Scout SureFire &#8211; M640V PRO &#8211; Color Arena<\/h2>\n<p>La luz infrarroja M640V PRO Scout ofrece las siguientes caracter\u00edsticas:<\/p>\n<ul>\n<li>350 l\u00famenes de luz blanca y 120 mW de salida IR<\/li>\n<li>Nuevo montaje de perfil bajo para posicionamiento \u00f3ptimo en rieles MIL-STD-1913 o M-LOK<\/li>\n<li>Lente TIR patentada para haz de largo alcance con luz circundante amplia<\/li>\n<li>Cambio entre modos blanco e IR sobre la marcha<\/li>\n<li>Construcci\u00f3n de aluminio aeroespacial con acabado anodizado duro seg\u00fan especificaciones militares<\/li>\n<li>Resistencia al agua IPX7<\/li>\n<li>Interruptor de tapa trasera con bot\u00f3n para f\u00e1cil activaci\u00f3n<\/li>\n<\/ul>\n<p>Con 2.5 horas de tiempo de funcionamiento en alta potencia y una distancia de haz de 214 metros, el M640V PRO es adecuado para operaciones de medio a largo alcance.<\/p>\n","protected":false},"excerpt":{"rendered":"<p>Vers\u00e1til luz para armas IR\/blanca con 350 l\u00famenes y 120 mW de salida infrarroja.<\/p>\n","protected":false},"featured_media":353032,"template":"","meta":{"_acf_changed":false},"product_brand":[11874],"product_cat":[12270,12238,12230],"product_tag":[],"class_list":{"0":"post-405884","1":"product","2":"type-product","3":"status-publish","4":"has-post-thumbnail","6":"product_brand-surefire","7":"product_cat-linternas","8":"product_cat-linternas-edc","9":"product_cat-linternas-para-rifle","11":"first","12":"instock","13":"taxable","14":"shipping-taxable","15":"purchasable","16":"product-type-simple"},"acf":[],"_links":{"self":[{"href":"https:\/\/staging.nbg.eu\/es\/wp-json\/wp\/v2\/product\/405884","targetHints":{"allow":["GET"]}}],"collection":[{"href":"https:\/\/staging.nbg.eu\/es\/wp-json\/wp\/v2\/product"}],"about":[{"href":"https:\/\/staging.nbg.eu\/es\/wp-json\/wp\/v2\/types\/product"}],"wp:featuredmedia":[{"embeddable":true,"href":"https:\/\/staging.nbg.eu\/es\/wp-json\/wp\/v2\/media\/353032"}],"wp:attachment":[{"href":"https:\/\/staging.nbg.eu\/es\/wp-json\/wp\/v2\/media?parent=405884"}],"wp:term":[{"taxonomy":"product_brand","embeddable":true,"href":"https:\/\/staging.nbg.eu\/es\/wp-json\/wp\/v2\/product_brand?post=405884"},{"taxonomy":"product_cat","embeddable":true,"href":"https:\/\/staging.nbg.eu\/es\/wp-json\/wp\/v2\/product_cat?post=405884"},{"taxonomy":"product_tag","embeddable":true,"href":"https:\/\/staging.nbg.eu\/es\/wp-json\/wp\/v2\/product_tag?post=405884"}],"curies":[{"name":"wp","href":"https:\/\/api.w.org\/{rel}","templated":true}]}}