{"id":405617,"date":"2025-05-05T23:43:01","date_gmt":"2025-05-05T20:43:01","guid":{"rendered":"https:\/\/staging.nbg.eu\/product\/surefire-plr-c-edc-flashlight-stiletto-pro-ii\/"},"modified":"2025-06-30T20:04:11","modified_gmt":"2025-06-30T17:04:11","slug":"surefire-plr-c-linterna-edc-stiletto-pro-ii","status":"publish","type":"product","link":"https:\/\/staging.nbg.eu\/es\/producto\/surefire-plr-c-linterna-edc-stiletto-pro-ii\/","title":{"rendered":"Surefire PLR-C Linterna EDC &#8211; Stiletto Pro II"},"content":{"rendered":"<h2>Linterna EDC Surefire PLR-C &#8211; Stiletto Pro II<\/h2>\n<p>La Stiletto Pro II es una linterna para uso diario. Este dispositivo combina un perfil delgado con alto rendimiento, proporcionando hasta 1.500 l\u00famenes de luz de haz h\u00edbrido que alcanza 375 metros.<\/p>\n<ul>\n<li>\u00d3ptica dual proporciona 35.000 candelas para iluminaci\u00f3n de larga distancia<\/li>\n<li>Tres configuraciones programables: Alta (1.500 l\u00famenes), Media (500 l\u00famenes) y Baja (25 l\u00famenes)<\/li>\n<li>Cuerpo de aluminio aeroespacial para durabilidad y f\u00e1cil ocultaci\u00f3n<\/li>\n<li>Interruptor de cola t\u00e1ctico con estroboscopio opcional de alta frecuencia<\/li>\n<li>Bater\u00eda de pol\u00edmero de litio recargable por USB-C integrada<\/li>\n<li>Indicador LED de nivel de bater\u00eda<\/li>\n<li>Clip de bolsillo reversible de acero con resorte recubierto de Melonita<\/li>\n<li>Resistente al agua IPX7 hasta 1 metro durante 30 minutos<\/li>\n<\/ul>\n<p>La Stiletto Pro II es \u00fatil para navegar por calles oscuras o actividades al aire libre. Su dise\u00f1o y rendimiento la hacen adecuada para fuerzas del orden, personal militar y usuarios cotidianos.<\/p>\n","protected":false},"excerpt":{"rendered":"<p>Linterna EDC delgada y potente con 1.500 l\u00famenes y haz de largo alcance.<\/p>\n","protected":false},"featured_media":352352,"template":"","meta":{"_acf_changed":false},"product_brand":[11874],"product_cat":[12269,12270,12238],"product_tag":[],"class_list":{"0":"post-405617","1":"product","2":"type-product","3":"status-publish","4":"has-post-thumbnail","6":"product_brand-surefire","7":"product_cat-edc","8":"product_cat-linternas","9":"product_cat-linternas-edc","11":"first","12":"outofstock","13":"taxable","14":"shipping-taxable","15":"purchasable","16":"product-type-simple"},"acf":[],"_links":{"self":[{"href":"https:\/\/staging.nbg.eu\/es\/wp-json\/wp\/v2\/product\/405617","targetHints":{"allow":["GET"]}}],"collection":[{"href":"https:\/\/staging.nbg.eu\/es\/wp-json\/wp\/v2\/product"}],"about":[{"href":"https:\/\/staging.nbg.eu\/es\/wp-json\/wp\/v2\/types\/product"}],"wp:featuredmedia":[{"embeddable":true,"href":"https:\/\/staging.nbg.eu\/es\/wp-json\/wp\/v2\/media\/352352"}],"wp:attachment":[{"href":"https:\/\/staging.nbg.eu\/es\/wp-json\/wp\/v2\/media?parent=405617"}],"wp:term":[{"taxonomy":"product_brand","embeddable":true,"href":"https:\/\/staging.nbg.eu\/es\/wp-json\/wp\/v2\/product_brand?post=405617"},{"taxonomy":"product_cat","embeddable":true,"href":"https:\/\/staging.nbg.eu\/es\/wp-json\/wp\/v2\/product_cat?post=405617"},{"taxonomy":"product_tag","embeddable":true,"href":"https:\/\/staging.nbg.eu\/es\/wp-json\/wp\/v2\/product_tag?post=405617"}],"curies":[{"name":"wp","href":"https:\/\/api.w.org\/{rel}","templated":true}]}}