{"id":404933,"date":"2025-06-30T12:12:07","date_gmt":"2025-06-30T09:12:07","guid":{"rendered":"https:\/\/staging.nbg.eu\/product\/ammunition-cci-cal-22-lr-mini-mag-cprn-40gr-100pcs\/"},"modified":"2025-06-30T12:13:16","modified_gmt":"2025-06-30T09:13:16","slug":"municion-cci-cal-22-lr-mini-mag-cprn-40gr-100pcs","status":"publish","type":"product","link":"https:\/\/staging.nbg.eu\/es\/producto\/municion-cci-cal-22-lr-mini-mag-cprn-40gr-100pcs\/","title":{"rendered":"MUNICION CCI cal. 22 LR Mini Mag CPRN 40gr \/100pcs"},"content":{"rendered":"<div class=\"product-description\">\n<h2>MUNICI\u00d3N CCI cal. 22 LR Mini Mag CPRN 40gr \/100pcs<\/h2>\n<p>CCI Mini-Mag\u00ae. Esta carga de 22 LR combina precisi\u00f3n con limpieza, adecuada para tiro al blanco.<\/p>\n<h2>Caracter\u00edsticas principales:<\/h2>\n<ul>\n<li>Oferta original de CCI<\/li>\n<li>Alimentaci\u00f3n fiable<\/li>\n<li>P\u00f3lvora de combusti\u00f3n limpia minimiza la acumulaci\u00f3n en el ca\u00f1\u00f3n<\/li>\n<li>Cebado y lat\u00f3n CCI\u00ae para rendimiento consistente<\/li>\n<\/ul>\n<h2>Especificaciones:<\/h2>\n<table>\n<tr>\n<td>Calibre:<\/td>\n<td>22 LR<\/td>\n<\/tr>\n<tr>\n<td>Peso del grano:<\/td>\n<td>40<\/td>\n<\/tr>\n<tr>\n<td>Estilo de bala:<\/td>\n<td>Punta redonda chapada en cobre (CPRN)<\/td>\n<\/tr>\n<tr>\n<td>Velocidad de salida:<\/td>\n<td>1235 fps<\/td>\n<\/tr>\n<tr>\n<td>Coeficiente bal\u00edstico:<\/td>\n<td>0.130<\/td>\n<\/tr>\n<tr>\n<td>Cantidad por paquete:<\/td>\n<td>100 cartuchos<\/td>\n<\/tr>\n<tr>\n<td>Uso:<\/td>\n<td>Tiro al blanco<\/td>\n<\/tr>\n<\/table>\n<h2>Bal\u00edstica:<\/h2>\n<table>\n<tr>\n<th>Distancia<\/th>\n<th>Velocidad (fps)<\/th>\n<\/tr>\n<tr>\n<td>Boca del ca\u00f1\u00f3n<\/td>\n<td>1235<\/td>\n<\/tr>\n<tr>\n<td>50 yardas<\/td>\n<td>1092<\/td>\n<\/tr>\n<tr>\n<td>75 yardas<\/td>\n<td>1040<\/td>\n<\/tr>\n<tr>\n<td>100 yardas<\/td>\n<td>998<\/td>\n<\/tr>\n<\/table>\n<\/div>\n","protected":false},"excerpt":{"rendered":"<p>Mini-Mag popular de 22 LR: limpio, confiable, preciso. 40gr CPRN, paquete de 100 unidades.<\/p>\n","protected":false},"featured_media":359558,"template":"","meta":{"_acf_changed":false},"product_brand":[],"product_cat":[12264,12254],"product_tag":[],"class_list":{"0":"post-404933","1":"product","2":"type-product","3":"status-publish","4":"has-post-thumbnail","6":"product_cat-licenciado","7":"product_cat-municion","9":"first","10":"instock","11":"taxable","12":"shipping-taxable","13":"product-type-simple"},"acf":[],"_links":{"self":[{"href":"https:\/\/staging.nbg.eu\/es\/wp-json\/wp\/v2\/product\/404933","targetHints":{"allow":["GET"]}}],"collection":[{"href":"https:\/\/staging.nbg.eu\/es\/wp-json\/wp\/v2\/product"}],"about":[{"href":"https:\/\/staging.nbg.eu\/es\/wp-json\/wp\/v2\/types\/product"}],"wp:featuredmedia":[{"embeddable":true,"href":"https:\/\/staging.nbg.eu\/es\/wp-json\/wp\/v2\/media\/359558"}],"wp:attachment":[{"href":"https:\/\/staging.nbg.eu\/es\/wp-json\/wp\/v2\/media?parent=404933"}],"wp:term":[{"taxonomy":"product_brand","embeddable":true,"href":"https:\/\/staging.nbg.eu\/es\/wp-json\/wp\/v2\/product_brand?post=404933"},{"taxonomy":"product_cat","embeddable":true,"href":"https:\/\/staging.nbg.eu\/es\/wp-json\/wp\/v2\/product_cat?post=404933"},{"taxonomy":"product_tag","embeddable":true,"href":"https:\/\/staging.nbg.eu\/es\/wp-json\/wp\/v2\/product_tag?post=404933"}],"curies":[{"name":"wp","href":"https:\/\/api.w.org\/{rel}","templated":true}]}}