{"id":37547,"date":"2024-09-02T16:37:54","date_gmt":"2024-09-02T16:37:54","guid":{"rendered":"https:\/\/staging.nbg.eu\/product\/bcm-kag-m-lok-compatible\/"},"modified":"2024-09-09T14:01:46","modified_gmt":"2024-09-09T14:01:46","slug":"bcm-kag-compatible-con-m-lok","status":"publish","type":"product","link":"https:\/\/staging.nbg.eu\/es\/producto\/bcm-kag-compatible-con-m-lok\/","title":{"rendered":"BCM\u00ae KAG &#8211; (Compatible con M-LOK\u00ae*)"},"content":{"rendered":"<div class=\"product-description\">\n<h2>BCM\u00ae KAG &#8211; Empu\u00f1adura Angular Kinest\u00e9sica (Compatible con M-LOK\u00ae*)<\/h2>\n<p>Mejore su experiencia de tiro con el BCM\u00ae KAG, una colaboraci\u00f3n entre BCM\u00ae y Travis Haley de Haley Strategic Partners. Esta innovadora empu\u00f1adura cuenta con:<\/p>\n<ul>\n<li>Inclinaci\u00f3n hacia adelante biomec\u00e1nicamente eficiente para una retenci\u00f3n positiva<\/li>\n<li>Alivio articular para mu\u00f1eca, codo y hombro<\/li>\n<li>Texturizado en la parte delantera y trasera para un agarre consistente<\/li>\n<li>Ideal para el agarre en \u00abC\u00bb y posiciones de tiro apoyadas<\/li>\n<li>Dise\u00f1o compacto para una mejor manipulaci\u00f3n del arma<\/li>\n<li>Fabricado en EE.UU. con pol\u00edmeros de alta calidad resistentes a impactos<\/li>\n<\/ul>\n<p>El dise\u00f1o ergon\u00f3mico del KAG complementa los agarres de tiro modernos, permitiendo transiciones suaves y una eficiencia mejorada sin a\u00f1adir volumen a su sistema de armas.<\/p>\n<\/div>\n","protected":false},"excerpt":{"rendered":"<p>BCM\u00ae KAG: Empu\u00f1adura ergon\u00f3mica M-LOK\u00ae para un mejor control del arma.<\/p>\n","protected":false},"featured_media":37365,"template":"","meta":{"_acf_changed":false},"product_brand":[11075],"product_cat":[12295],"product_tag":[],"class_list":{"0":"post-37547","1":"product","2":"type-product","3":"status-publish","4":"has-post-thumbnail","6":"product_brand-bcm","7":"product_cat-sin-categoria","9":"first","10":"instock","11":"taxable","12":"shipping-taxable","13":"purchasable","14":"product-type-variable","15":"wvs-archive-product-wrapper"},"acf":[],"_links":{"self":[{"href":"https:\/\/staging.nbg.eu\/es\/wp-json\/wp\/v2\/product\/37547","targetHints":{"allow":["GET"]}}],"collection":[{"href":"https:\/\/staging.nbg.eu\/es\/wp-json\/wp\/v2\/product"}],"about":[{"href":"https:\/\/staging.nbg.eu\/es\/wp-json\/wp\/v2\/types\/product"}],"wp:featuredmedia":[{"embeddable":true,"href":"https:\/\/staging.nbg.eu\/es\/wp-json\/wp\/v2\/media\/37365"}],"wp:attachment":[{"href":"https:\/\/staging.nbg.eu\/es\/wp-json\/wp\/v2\/media?parent=37547"}],"wp:term":[{"taxonomy":"product_brand","embeddable":true,"href":"https:\/\/staging.nbg.eu\/es\/wp-json\/wp\/v2\/product_brand?post=37547"},{"taxonomy":"product_cat","embeddable":true,"href":"https:\/\/staging.nbg.eu\/es\/wp-json\/wp\/v2\/product_cat?post=37547"},{"taxonomy":"product_tag","embeddable":true,"href":"https:\/\/staging.nbg.eu\/es\/wp-json\/wp\/v2\/product_tag?post=37547"}],"curies":[{"name":"wp","href":"https:\/\/api.w.org\/{rel}","templated":true}]}}