{"id":36198,"date":"2024-04-18T05:40:44","date_gmt":"2024-09-02T13:40:08","guid":{"rendered":"https:\/\/staging.nbg.eu\/product\/blue-force-gear-vickers-sling-1-25\/"},"modified":"2024-09-13T09:18:02","modified_gmt":"2024-09-13T09:18:02","slug":"blue-force-gear-vickers-sling-125","status":"publish","type":"product","link":"https:\/\/staging.nbg.eu\/es\/producto\/blue-force-gear-vickers-sling-125\/","title":{"rendered":"Blue Force Gear Vickers Sling, 1.25&#8243;"},"content":{"rendered":"<div class=\"product-description\">\n<h2>Blue Force Gear Vickers Sling, 1.25&#8243;<\/h2>\n<p>La correa Vickers Combat Applications Sling\u2122, desarrollada en colaboraci\u00f3n con Larry Vickers, ex miembro operativo de 1st SFOD-Delta y autor de Vickers Guide, ofrece versatilidad y comodidad para el transporte de rifles.<\/p>\n<ul>\n<li>Dise\u00f1o de ajuste r\u00e1pido para transiciones<\/li>\n<li>Ancho de 1.25&#8243; para distribuci\u00f3n del peso<\/li>\n<li>Utilizada por las fuerzas militares de EE. UU.<\/li>\n<li>Construcci\u00f3n duradera<\/li>\n<\/ul>\n<p>Esta correa est\u00e1 dise\u00f1ada para mejorar el manejo y la movilidad del rifle. Es adecuada tanto para operadores profesionales como para entusiastas.<\/p>\n<\/div>\n","protected":false},"excerpt":{"rendered":"<p>Correa t\u00e1ctica dise\u00f1ada por Larry Vickers. Ajuste r\u00e1pido, calidad militar.<\/p>\n","protected":false},"featured_media":36199,"template":"","meta":{"_acf_changed":false},"product_brand":[11142],"product_cat":[12246,12242],"product_tag":[],"class_list":{"0":"post-36198","1":"product","2":"type-product","3":"status-publish","4":"has-post-thumbnail","6":"product_brand-blue-force-gear","7":"product_cat-equipo","8":"product_cat-portafusiles","10":"first","11":"instock","12":"taxable","13":"shipping-taxable","14":"purchasable","15":"product-type-variable","16":"wvs-archive-product-wrapper"},"acf":[],"_links":{"self":[{"href":"https:\/\/staging.nbg.eu\/es\/wp-json\/wp\/v2\/product\/36198","targetHints":{"allow":["GET"]}}],"collection":[{"href":"https:\/\/staging.nbg.eu\/es\/wp-json\/wp\/v2\/product"}],"about":[{"href":"https:\/\/staging.nbg.eu\/es\/wp-json\/wp\/v2\/types\/product"}],"wp:featuredmedia":[{"embeddable":true,"href":"https:\/\/staging.nbg.eu\/es\/wp-json\/wp\/v2\/media\/36199"}],"wp:attachment":[{"href":"https:\/\/staging.nbg.eu\/es\/wp-json\/wp\/v2\/media?parent=36198"}],"wp:term":[{"taxonomy":"product_brand","embeddable":true,"href":"https:\/\/staging.nbg.eu\/es\/wp-json\/wp\/v2\/product_brand?post=36198"},{"taxonomy":"product_cat","embeddable":true,"href":"https:\/\/staging.nbg.eu\/es\/wp-json\/wp\/v2\/product_cat?post=36198"},{"taxonomy":"product_tag","embeddable":true,"href":"https:\/\/staging.nbg.eu\/es\/wp-json\/wp\/v2\/product_tag?post=36198"}],"curies":[{"name":"wp","href":"https:\/\/api.w.org\/{rel}","templated":true}]}}