{"id":35686,"date":"2024-07-30T14:27:38","date_gmt":"2024-09-02T13:33:40","guid":{"rendered":"https:\/\/staging.nbg.eu\/product\/blueforcegear-grid-belt\/"},"modified":"2024-09-02T13:34:42","modified_gmt":"2024-09-02T13:34:42","slug":"cinturon-grid-de-blueforcegear","status":"publish","type":"product","link":"https:\/\/staging.nbg.eu\/es\/producto\/cinturon-grid-de-blueforcegear\/","title":{"rendered":"Cintur\u00f3n GRID de BlueForceGear"},"content":{"rendered":"<p>El cintur\u00f3n BlueForceGear GRID\u2122 es un cintur\u00f3n t\u00e1ctico vers\u00e1til y resistente dise\u00f1ado para m\u00e1xima comodidad y funcionalidad. Con el innovador sistema GRID\u2122 compatible con MOLLE, este cintur\u00f3n permite la fijaci\u00f3n personalizable de bolsas y accesorios. Fabricado con materiales duraderos, ofrece una resistencia y longevidad superiores.<\/p>\n<ul>\n<li>Dise\u00f1o ligero pero robusto<\/li>\n<li>Hebilla cobra de liberaci\u00f3n r\u00e1pida para f\u00e1cil colocaci\u00f3n y retiro<\/li>\n<li>Ajustable para un ajuste perfecto<\/li>\n<li>Compatible con fundas de servicio y de porte oculto<\/li>\n<li>Disponible en m\u00faltiples colores y tallas<\/li>\n<\/ul>\n<p>Experimente un soporte y flexibilidad sin igual con el cintur\u00f3n BlueForceGear GRID\u2122, ideal para fuerzas del orden, personal militar y entusiastas t\u00e1cticos.<\/p>\n","protected":false},"excerpt":{"rendered":"<p>Cintur\u00f3n t\u00e1ctico resistente y de bajo perfil para sujeci\u00f3n vers\u00e1til de equipamiento.<\/p>\n","protected":false},"featured_media":35687,"template":"","meta":{"_acf_changed":false},"product_brand":[11142],"product_cat":[12265,12246],"product_tag":[],"class_list":{"0":"post-35686","1":"product","2":"type-product","3":"status-publish","4":"has-post-thumbnail","6":"product_brand-blue-force-gear","7":"product_cat-cinturones-tacticos","8":"product_cat-equipo","10":"first","11":"instock","12":"taxable","13":"shipping-taxable","14":"purchasable","15":"product-type-variable","16":"wvs-archive-product-wrapper"},"acf":[],"_links":{"self":[{"href":"https:\/\/staging.nbg.eu\/es\/wp-json\/wp\/v2\/product\/35686","targetHints":{"allow":["GET"]}}],"collection":[{"href":"https:\/\/staging.nbg.eu\/es\/wp-json\/wp\/v2\/product"}],"about":[{"href":"https:\/\/staging.nbg.eu\/es\/wp-json\/wp\/v2\/types\/product"}],"wp:featuredmedia":[{"embeddable":true,"href":"https:\/\/staging.nbg.eu\/es\/wp-json\/wp\/v2\/media\/35687"}],"wp:attachment":[{"href":"https:\/\/staging.nbg.eu\/es\/wp-json\/wp\/v2\/media?parent=35686"}],"wp:term":[{"taxonomy":"product_brand","embeddable":true,"href":"https:\/\/staging.nbg.eu\/es\/wp-json\/wp\/v2\/product_brand?post=35686"},{"taxonomy":"product_cat","embeddable":true,"href":"https:\/\/staging.nbg.eu\/es\/wp-json\/wp\/v2\/product_cat?post=35686"},{"taxonomy":"product_tag","embeddable":true,"href":"https:\/\/staging.nbg.eu\/es\/wp-json\/wp\/v2\/product_tag?post=35686"}],"curies":[{"name":"wp","href":"https:\/\/api.w.org\/{rel}","templated":true}]}}