{"id":34744,"date":"2024-07-30T19:26:43","date_gmt":"2024-08-27T14:30:21","guid":{"rendered":"https:\/\/staging.nbg.eu\/product\/mag-now-triple-m4-pouch\/"},"modified":"2024-08-27T14:31:22","modified_gmt":"2024-08-27T14:31:22","slug":"funda-triple-para-cargadores-m4-mag-now","status":"publish","type":"product","link":"https:\/\/staging.nbg.eu\/es\/producto\/funda-triple-para-cargadores-m4-mag-now\/","title":{"rendered":"Funda Triple para Cargadores M4 MAG NOW"},"content":{"rendered":"<p>El <strong>MAG NOW! TRIPLE M4 POUCH<\/strong> de BlueForceGear es un portacargador de alto rendimiento dise\u00f1ado para profesionales t\u00e1cticos y entusiastas. Sus caracter\u00edsticas incluyen:<\/p>\n<ul>\n<li>Sostiene de forma segura tres cargadores de 30 rondas para M4\/AR-15<\/li>\n<li>Construcci\u00f3n duradera en nailon Cordura 500D<\/li>\n<li>Sistema de fijaci\u00f3n Helium Whisper para compatibilidad ligera con MOLLE<\/li>\n<li>Correas de retenci\u00f3n el\u00e1sticas de acceso r\u00e1pido<\/li>\n<li>Dise\u00f1o de bajo perfil para reducir el volumen<\/li>\n<li>Disponible en m\u00faltiples colores para combinar con tu equipo<\/li>\n<\/ul>\n<p>Mejora tu equipamiento con esta funda vers\u00e1til y confiable que garantiza cambios r\u00e1pidos de cargador cuando cada segundo cuenta.<\/p>\n","protected":false},"excerpt":{"rendered":"<p>Funda triple segura para cargadores M4. Acceso r\u00e1pido. Dise\u00f1o duradero.<\/p>\n","protected":false},"featured_media":34745,"template":"","meta":{"_acf_changed":false},"product_brand":[11142],"product_cat":[12237,12246,12222],"product_tag":[],"class_list":{"0":"post-34744","1":"product","2":"type-product","3":"status-publish","4":"has-post-thumbnail","6":"product_brand-blue-force-gear","7":"product_cat-bolsas","8":"product_cat-equipo","9":"product_cat-portacargadores","11":"first","12":"instock","13":"taxable","14":"shipping-taxable","15":"purchasable","16":"product-type-variable","17":"wvs-archive-product-wrapper"},"acf":[],"_links":{"self":[{"href":"https:\/\/staging.nbg.eu\/es\/wp-json\/wp\/v2\/product\/34744","targetHints":{"allow":["GET"]}}],"collection":[{"href":"https:\/\/staging.nbg.eu\/es\/wp-json\/wp\/v2\/product"}],"about":[{"href":"https:\/\/staging.nbg.eu\/es\/wp-json\/wp\/v2\/types\/product"}],"wp:featuredmedia":[{"embeddable":true,"href":"https:\/\/staging.nbg.eu\/es\/wp-json\/wp\/v2\/media\/34745"}],"wp:attachment":[{"href":"https:\/\/staging.nbg.eu\/es\/wp-json\/wp\/v2\/media?parent=34744"}],"wp:term":[{"taxonomy":"product_brand","embeddable":true,"href":"https:\/\/staging.nbg.eu\/es\/wp-json\/wp\/v2\/product_brand?post=34744"},{"taxonomy":"product_cat","embeddable":true,"href":"https:\/\/staging.nbg.eu\/es\/wp-json\/wp\/v2\/product_cat?post=34744"},{"taxonomy":"product_tag","embeddable":true,"href":"https:\/\/staging.nbg.eu\/es\/wp-json\/wp\/v2\/product_tag?post=34744"}],"curies":[{"name":"wp","href":"https:\/\/api.w.org\/{rel}","templated":true}]}}