{"id":31646,"date":"2024-08-18T19:30:03","date_gmt":"2024-08-24T13:47:10","guid":{"rendered":"https:\/\/staging.nbg.eu\/product\/daa-22x22mm-target-patches\/"},"modified":"2024-09-10T07:36:24","modified_gmt":"2024-09-10T07:36:24","slug":"parches-para-blanco-daa-22x22mm","status":"publish","type":"product","link":"https:\/\/staging.nbg.eu\/es\/producto\/parches-para-blanco-daa-22x22mm\/","title":{"rendered":"Parches para Blanco Daa 22X22Mm"},"content":{"rendered":"<div class=\"product-description\">\n<h2>Parches para Dianas DAA 22x22mm<\/h2>\n<p>Mejora tu experiencia de tiro con los Parches para Dianas personalizados de DAA, dise\u00f1ados para integrarse perfectamente con las dianas de cart\u00f3n comunes.<\/p>\n<ul>\n<li>Color adaptado para una aplicaci\u00f3n casi invisible en dianas comunes<\/li>\n<li>Dise\u00f1o cuadrado \u00fanico de 22x22mm para mayor cobertura<\/li>\n<li>M\u00e1s f\u00e1ciles y r\u00e1pidos de aplicar que los parches redondos est\u00e1ndar<\/li>\n<li>1,000 parches por rollo, 10 rollos por funda<\/li>\n<\/ul>\n<p>Estos parches premium ofrecen una cobertura y eficiencia superiores en comparaci\u00f3n con los parches redondos est\u00e1ndar de 20mm. Su forma cuadrada permite una aplicaci\u00f3n m\u00e1s r\u00e1pida sin necesidad de apuntar con precisi\u00f3n. Ya seas un tirador profesional o recreativo, los Parches para Dianas DAA proporcionan una soluci\u00f3n perfecta para extender la vida \u00fatil de tus dianas en cualquier condici\u00f3n clim\u00e1tica.<\/p>\n<\/div>\n","protected":false},"excerpt":{"rendered":"<p>Parches de objetivo resistentes a la intemperie de 22x22mm. 1000 por rollo, 10 rollos por paquete.<\/p>\n","protected":false},"featured_media":29112,"template":"","meta":{"_acf_changed":false},"product_brand":[11277],"product_cat":[12252,12277,12244],"product_tag":[],"class_list":{"0":"post-31646","1":"product","2":"type-product","3":"status-publish","4":"has-post-thumbnail","6":"product_brand-doublealpha","7":"product_cat-blancos-de-papel","8":"product_cat-objetivos","9":"product_cat-parches-y-aplicadores","11":"first","12":"instock","13":"taxable","14":"shipping-taxable","15":"purchasable","16":"product-type-variable","17":"wvs-archive-product-wrapper"},"acf":[],"_links":{"self":[{"href":"https:\/\/staging.nbg.eu\/es\/wp-json\/wp\/v2\/product\/31646","targetHints":{"allow":["GET"]}}],"collection":[{"href":"https:\/\/staging.nbg.eu\/es\/wp-json\/wp\/v2\/product"}],"about":[{"href":"https:\/\/staging.nbg.eu\/es\/wp-json\/wp\/v2\/types\/product"}],"wp:featuredmedia":[{"embeddable":true,"href":"https:\/\/staging.nbg.eu\/es\/wp-json\/wp\/v2\/media\/29112"}],"wp:attachment":[{"href":"https:\/\/staging.nbg.eu\/es\/wp-json\/wp\/v2\/media?parent=31646"}],"wp:term":[{"taxonomy":"product_brand","embeddable":true,"href":"https:\/\/staging.nbg.eu\/es\/wp-json\/wp\/v2\/product_brand?post=31646"},{"taxonomy":"product_cat","embeddable":true,"href":"https:\/\/staging.nbg.eu\/es\/wp-json\/wp\/v2\/product_cat?post=31646"},{"taxonomy":"product_tag","embeddable":true,"href":"https:\/\/staging.nbg.eu\/es\/wp-json\/wp\/v2\/product_tag?post=31646"}],"curies":[{"name":"wp","href":"https:\/\/api.w.org\/{rel}","templated":true}]}}