{"id":290611,"date":"2025-03-02T07:15:36","date_gmt":"2025-03-02T07:15:36","guid":{"rendered":"https:\/\/staging.nbg.eu\/prodcut\/two-vets-tripod-with-area-419-arcalock-dual-clamp-the-qdt-v2-ls-i\/"},"modified":"2025-03-27T10:51:24","modified_gmt":"2025-03-27T10:51:24","slug":"tripode-two-vets-con-abrazadera-dual-area-419-arcalock-el-qdt-v2-ls-i","status":"publish","type":"product","link":"https:\/\/staging.nbg.eu\/es\/producto\/tripode-two-vets-con-abrazadera-dual-area-419-arcalock-el-qdt-v2-ls-i\/","title":{"rendered":"Tr\u00edpode Two Vets con Abrazadera Dual Area 419 ARCALOCK &#8211; El QDT V2 LS I"},"content":{"rendered":"<h2>Tr\u00edpode Two Vets con abrazadera doble ARCALOCK de Area 419 &#8211; El QDT V2 LS I<\/h2>\n<p>El GripChanger es un accesorio para tiro. Esta bolsa de 1 libra es para construir posiciones y usar en aberturas peque\u00f1as. Su dise\u00f1o permite agarrarse a cualquier superficie, proporcionando una plataforma estable.<\/p>\n<h2>El kit incluye:<\/h2>\n<ul>\n<li>1 Bolsa GripChanger personalizada de Area 419<\/li>\n<li>1 Abrazadera ARCALOCK<\/li>\n<li>1 Brazo Rail Changer de Area 419<\/li>\n<\/ul>\n<p><strong>Dimensiones:<\/strong> 10&#8243; \u00d7 3&#8243; \u00d7 2&#8243;<br \/>\n<strong>Fabricante:<\/strong> Armageddon Gear<\/p>\n<p>El kit GripChanger es un accesorio para tiro.<\/p>\n","protected":false},"excerpt":{"rendered":"<p>Tr\u00edpode vers\u00e1til con doble abrazadera para posiciones de disparo r\u00e1pidas y estables.<\/p>\n","protected":false},"featured_media":233738,"template":"","meta":{"_acf_changed":false},"product_brand":[11050],"product_cat":[12272,12279],"product_tag":[],"class_list":{"0":"post-290611","1":"product","2":"type-product","3":"status-publish","4":"has-post-thumbnail","6":"product_brand-area-419","7":"product_cat-bipodes","8":"product_cat-rifle","10":"first","11":"instock","12":"taxable","13":"shipping-taxable","14":"purchasable","15":"product-type-simple"},"acf":[],"_links":{"self":[{"href":"https:\/\/staging.nbg.eu\/es\/wp-json\/wp\/v2\/product\/290611","targetHints":{"allow":["GET"]}}],"collection":[{"href":"https:\/\/staging.nbg.eu\/es\/wp-json\/wp\/v2\/product"}],"about":[{"href":"https:\/\/staging.nbg.eu\/es\/wp-json\/wp\/v2\/types\/product"}],"wp:featuredmedia":[{"embeddable":true,"href":"https:\/\/staging.nbg.eu\/es\/wp-json\/wp\/v2\/media\/233738"}],"wp:attachment":[{"href":"https:\/\/staging.nbg.eu\/es\/wp-json\/wp\/v2\/media?parent=290611"}],"wp:term":[{"taxonomy":"product_brand","embeddable":true,"href":"https:\/\/staging.nbg.eu\/es\/wp-json\/wp\/v2\/product_brand?post=290611"},{"taxonomy":"product_cat","embeddable":true,"href":"https:\/\/staging.nbg.eu\/es\/wp-json\/wp\/v2\/product_cat?post=290611"},{"taxonomy":"product_tag","embeddable":true,"href":"https:\/\/staging.nbg.eu\/es\/wp-json\/wp\/v2\/product_tag?post=290611"}],"curies":[{"name":"wp","href":"https:\/\/api.w.org\/{rel}","templated":true}]}}