{"id":290501,"date":"2025-03-02T06:50:24","date_gmt":"2025-03-27T10:29:19","guid":{"rendered":"https:\/\/staging.nbg.eu\/prodcut\/area-419-railchanger-shmedium-from-armageddon-gear\/"},"modified":"2025-03-27T10:31:47","modified_gmt":"2025-03-27T10:31:47","slug":"area-419-railchanger-shmedium-de-armageddon-gear","status":"publish","type":"product","link":"https:\/\/staging.nbg.eu\/es\/producto\/area-419-railchanger-shmedium-de-armageddon-gear\/","title":{"rendered":"Area 419 &#8211; RailChanger Shmedium de Armageddon Gear"},"content":{"rendered":"<h2>Area 419 &#8211; RailChanger Shmedium<\/h2>\n<h2>por Armageddon Gear<\/h2>\n<p>El RailChanger Shmedium es un accesorio para tiro de precisi\u00f3n. Este GameChanger tiene un tama\u00f1o medio y un relleno denso, \u00fatil para sesiones de tiro.<\/p>\n<ul>\n<li><strong>Dise\u00f1o personalizado:<\/strong> Tiene paneles cortados con l\u00e1ser en la parte superior y lateral para fijarlo al RCX<\/li>\n<li><strong>Tama\u00f1o:<\/strong> 8 \u00d7 6 \u00d7 6 pulgadas<\/li>\n<li><strong>Peso:<\/strong> 7 libras<\/li>\n<li><strong>Calidad:<\/strong> Fabricado por Armageddon Gear<\/li>\n<\/ul>\n<p>El RailChanger Shmedium es una bolsa que se usa en el campo de tiro. Combina funcionalidad y dise\u00f1o para la pr\u00e1ctica de tiro.<\/p>\n","protected":false},"excerpt":{"rendered":"<p>GameChanger compacto de relleno denso para RCX. El compa\u00f1ero perfecto para el campo de tiro.<\/p>\n","protected":false},"featured_media":233506,"template":"","meta":{"_acf_changed":false},"product_brand":[11050],"product_cat":[12279,390],"product_tag":[],"class_list":{"0":"post-290501","1":"product","2":"type-product","3":"status-publish","4":"has-post-thumbnail","6":"product_brand-area-419","7":"product_cat-rifle","8":"product_cat-aiming","10":"first","11":"instock","12":"taxable","13":"shipping-taxable","14":"purchasable","15":"product-type-simple"},"acf":[],"_links":{"self":[{"href":"https:\/\/staging.nbg.eu\/es\/wp-json\/wp\/v2\/product\/290501","targetHints":{"allow":["GET"]}}],"collection":[{"href":"https:\/\/staging.nbg.eu\/es\/wp-json\/wp\/v2\/product"}],"about":[{"href":"https:\/\/staging.nbg.eu\/es\/wp-json\/wp\/v2\/types\/product"}],"wp:featuredmedia":[{"embeddable":true,"href":"https:\/\/staging.nbg.eu\/es\/wp-json\/wp\/v2\/media\/233506"}],"wp:attachment":[{"href":"https:\/\/staging.nbg.eu\/es\/wp-json\/wp\/v2\/media?parent=290501"}],"wp:term":[{"taxonomy":"product_brand","embeddable":true,"href":"https:\/\/staging.nbg.eu\/es\/wp-json\/wp\/v2\/product_brand?post=290501"},{"taxonomy":"product_cat","embeddable":true,"href":"https:\/\/staging.nbg.eu\/es\/wp-json\/wp\/v2\/product_cat?post=290501"},{"taxonomy":"product_tag","embeddable":true,"href":"https:\/\/staging.nbg.eu\/es\/wp-json\/wp\/v2\/product_tag?post=290501"}],"curies":[{"name":"wp","href":"https:\/\/api.w.org\/{rel}","templated":true}]}}