{"id":290387,"date":"2025-03-02T06:33:52","date_gmt":"2025-03-27T10:03:58","guid":{"rendered":"https:\/\/staging.nbg.eu\/prodcut\/area-419-railchanger-og-bag\/"},"modified":"2025-03-27T10:06:28","modified_gmt":"2025-03-27T10:06:28","slug":"area-419-bolsa-railchanger-og","status":"publish","type":"product","link":"https:\/\/staging.nbg.eu\/es\/producto\/area-419-bolsa-railchanger-og\/","title":{"rendered":"Area 419 &#8211; Bolsa RailChanger OG"},"content":{"rendered":"<h2>Area 419 &#8211; Bolsa RailChanger OG<\/h2>\n<p>Presentamos el RailChanger OG de Armageddon Gear \u2013 un complemento para su sistema RCX. Este OG GameChanger de tama\u00f1o completo tiene paneles cortados con l\u00e1ser en la parte superior y lateral, permitiendo la integraci\u00f3n con su configuraci\u00f3n RCX.<\/p>\n<h2>Caracter\u00edsticas principales:<\/h2>\n<ul>\n<li>Dise\u00f1ado espec\u00edficamente para el sistema RCX<\/li>\n<li>Paneles cortados con l\u00e1ser para fijaci\u00f3n segura<\/li>\n<li>Dise\u00f1o OG GameChanger de tama\u00f1o completo<\/li>\n<li>Construcci\u00f3n duradera para uso prolongado<\/li>\n<\/ul>\n<h2>Especificaciones:<\/h2>\n<ul>\n<li>Peso: 3.18 kg<\/li>\n<li>Dimensiones: 25.4 \u00d7 17.8 \u00d7 15.2 cm<\/li>\n<li>Colores disponibles: Negro, Beige<\/li>\n<\/ul>\n<p>El RailChanger OG es la bolsa que se concibi\u00f3 al crear el sistema RCX.<\/p>\n","protected":false},"excerpt":{"rendered":"<p>Bolsa GameChanger personalizada para RCX: paneles cortados con l\u00e1ser, tama\u00f1o completo, vers\u00e1til.<\/p>\n","protected":false},"featured_media":233481,"template":"","meta":{"_acf_changed":false},"product_brand":[11050],"product_cat":[12279],"product_tag":[],"class_list":{"0":"post-290387","1":"product","2":"type-product","3":"status-publish","4":"has-post-thumbnail","6":"product_brand-area-419","7":"product_cat-rifle","9":"first","10":"outofstock","11":"taxable","12":"shipping-taxable","13":"purchasable","14":"product-type-variable","15":"wvs-archive-product-wrapper"},"acf":[],"_links":{"self":[{"href":"https:\/\/staging.nbg.eu\/es\/wp-json\/wp\/v2\/product\/290387","targetHints":{"allow":["GET"]}}],"collection":[{"href":"https:\/\/staging.nbg.eu\/es\/wp-json\/wp\/v2\/product"}],"about":[{"href":"https:\/\/staging.nbg.eu\/es\/wp-json\/wp\/v2\/types\/product"}],"wp:featuredmedia":[{"embeddable":true,"href":"https:\/\/staging.nbg.eu\/es\/wp-json\/wp\/v2\/media\/233481"}],"wp:attachment":[{"href":"https:\/\/staging.nbg.eu\/es\/wp-json\/wp\/v2\/media?parent=290387"}],"wp:term":[{"taxonomy":"product_brand","embeddable":true,"href":"https:\/\/staging.nbg.eu\/es\/wp-json\/wp\/v2\/product_brand?post=290387"},{"taxonomy":"product_cat","embeddable":true,"href":"https:\/\/staging.nbg.eu\/es\/wp-json\/wp\/v2\/product_cat?post=290387"},{"taxonomy":"product_tag","embeddable":true,"href":"https:\/\/staging.nbg.eu\/es\/wp-json\/wp\/v2\/product_tag?post=290387"}],"curies":[{"name":"wp","href":"https:\/\/api.w.org\/{rel}","templated":true}]}}