{"id":289376,"date":"2024-01-30T18:07:31","date_gmt":"2024-01-30T18:07:31","guid":{"rendered":"https:\/\/staging.nbg.eu\/prodcut\/area-419-arcalock-12-m-lok-dovetail-rail-2\/"},"modified":"2025-10-01T16:10:53","modified_gmt":"2025-10-01T13:10:53","slug":"area-419-riel-cola-de-milano-arcalock-12-m-lok","status":"publish","type":"product","link":"https:\/\/staging.nbg.eu\/es\/producto\/area-419-riel-cola-de-milano-arcalock-12-m-lok\/","title":{"rendered":"Area 419 &#8211; Riel Cola de Milano ARCALOCK 12&#8243; M-LOK"},"content":{"rendered":"<h2>Area 419 &#8211; Riel de cola de milano ARCALOCK de 12&#8243; M-LOK<\/h2>\n<p>El riel de cola de milano ARCALOCK de 12&#8243; M-LOK de Area 419 tiene las siguientes caracter\u00edsticas:<\/p>\n<ul>\n<li>Lados dentados para bloqueo mec\u00e1nico con abrazaderas Area 419<\/li>\n<li>Compatible con accesorios Arca est\u00e1ndar<\/li>\n<li>Longitud de 12&#8243; para espacio de fijaci\u00f3n<\/li>\n<li>Dise\u00f1o ligero de 111.5 gramos<\/li>\n<li>Cumple con el est\u00e1ndar de cola de milano RRS 1.5&#8243;<\/li>\n<li>Bordes biselados<\/li>\n<li>Opciones de montaje para varias configuraciones de rifle<\/li>\n<li>Construcci\u00f3n de aluminio 6061-T6 con anodizado duro tipo 3<\/li>\n<li>Fabricado en EE.UU.<\/li>\n<\/ul>\n<p>El sistema de riel de cola de milano ARCALOCK est\u00e1 dise\u00f1ado para eliminar el movimiento bajo presi\u00f3n.<\/p>\n","protected":false},"excerpt":{"rendered":"<p>Riel ARCA de 12\u2033 con bloqueo para rifles de precisi\u00f3n. Lados dentados, compatible con M-LOK.<\/p>\n","protected":false},"featured_media":232521,"template":"","meta":{"_acf_changed":false},"product_brand":[11050],"product_cat":[12227,12279],"product_tag":[],"class_list":{"0":"post-289376","1":"product","2":"type-product","3":"status-publish","4":"has-post-thumbnail","6":"product_brand-area-419","7":"product_cat-rieles","8":"product_cat-rifle","10":"first","11":"instock","12":"taxable","13":"shipping-taxable","14":"purchasable","15":"product-type-variable","16":"wvs-archive-product-wrapper"},"acf":[],"_links":{"self":[{"href":"https:\/\/staging.nbg.eu\/es\/wp-json\/wp\/v2\/product\/289376","targetHints":{"allow":["GET"]}}],"collection":[{"href":"https:\/\/staging.nbg.eu\/es\/wp-json\/wp\/v2\/product"}],"about":[{"href":"https:\/\/staging.nbg.eu\/es\/wp-json\/wp\/v2\/types\/product"}],"wp:featuredmedia":[{"embeddable":true,"href":"https:\/\/staging.nbg.eu\/es\/wp-json\/wp\/v2\/media\/232521"}],"wp:attachment":[{"href":"https:\/\/staging.nbg.eu\/es\/wp-json\/wp\/v2\/media?parent=289376"}],"wp:term":[{"taxonomy":"product_brand","embeddable":true,"href":"https:\/\/staging.nbg.eu\/es\/wp-json\/wp\/v2\/product_brand?post=289376"},{"taxonomy":"product_cat","embeddable":true,"href":"https:\/\/staging.nbg.eu\/es\/wp-json\/wp\/v2\/product_cat?post=289376"},{"taxonomy":"product_tag","embeddable":true,"href":"https:\/\/staging.nbg.eu\/es\/wp-json\/wp\/v2\/product_tag?post=289376"}],"curies":[{"name":"wp","href":"https:\/\/api.w.org\/{rel}","templated":true}]}}