{"id":289240,"date":"2025-03-05T07:40:12","date_gmt":"2025-03-05T07:40:12","guid":{"rendered":"https:\/\/staging.nbg.eu\/prodcut\/magpul-moe-sl-carbine-stock-for-ar15-m4\/"},"modified":"2025-03-26T21:07:55","modified_gmt":"2025-03-26T21:07:55","slug":"magpul-culata-carabina-moe-sl-para-ar15-m4","status":"publish","type":"product","link":"https:\/\/staging.nbg.eu\/es\/producto\/magpul-culata-carabina-moe-sl-para-ar15-m4\/","title":{"rendered":"Magpul &#8211; Culata Carabina MOE SL para AR15 \/ M4"},"content":{"rendered":"<h2>Culata Magpul MOE SL para Carabina AR15 \/ M4<\/h2>\n<p>La culata Magpul MOE SL es un reemplazo directo para tubos de extensi\u00f3n del receptor Mil-Spec en carabinas AR15\/M4. Esta culata fabricada en EE.UU. incluye:<\/p>\n<ul>\n<li>Perfil con mejor apoyo de mejilla<\/li>\n<li>Pestillos de liberaci\u00f3n en ambos lados para ajuste<\/li>\n<li>Borde redondeado para transiciones de hombro<\/li>\n<li>Almohadilla de goma angular para agarre y protecci\u00f3n<\/li>\n<li>Mecanismo interno anti-traqueteo<\/li>\n<li>Montaje QD integrado y bucle de correa de 1.25&#8243;<\/li>\n<li>Compatible con varios accesorios de correa<\/li>\n<\/ul>\n<p>Especificaciones: Peso 9.3 oz, rango de ajuste LOP 3.3&#8243;, compatible con tubos Mil-Spec de Colt, LMT, Ruger, S&amp;W, SIG y otros.<\/p>\n<p><strong>Nota:<\/strong> Verifique la compatibilidad con el tama\u00f1o de su tubo de extensi\u00f3n antes de comprar.<\/p>\n","protected":false},"excerpt":{"rendered":"<p>Culata elegante y ajustable para AR15\/M4. Liberaci\u00f3n bilateral, almohadilla antideslizante, montura de desconexi\u00f3n r\u00e1pida.<\/p>\n","protected":false},"featured_media":237998,"template":"","meta":{"_acf_changed":false},"product_brand":[11558],"product_cat":[12228,12239,12279],"product_tag":[],"class_list":{"0":"post-289240","1":"product","2":"type-product","3":"status-publish","4":"has-post-thumbnail","6":"product_brand-magpul","7":"product_cat-ajuste-de-rifle","8":"product_cat-culatas-para-rifle","9":"product_cat-rifle","11":"first","12":"outofstock","13":"taxable","14":"shipping-taxable","15":"purchasable","16":"product-type-simple"},"acf":[],"_links":{"self":[{"href":"https:\/\/staging.nbg.eu\/es\/wp-json\/wp\/v2\/product\/289240","targetHints":{"allow":["GET"]}}],"collection":[{"href":"https:\/\/staging.nbg.eu\/es\/wp-json\/wp\/v2\/product"}],"about":[{"href":"https:\/\/staging.nbg.eu\/es\/wp-json\/wp\/v2\/types\/product"}],"wp:featuredmedia":[{"embeddable":true,"href":"https:\/\/staging.nbg.eu\/es\/wp-json\/wp\/v2\/media\/237998"}],"wp:attachment":[{"href":"https:\/\/staging.nbg.eu\/es\/wp-json\/wp\/v2\/media?parent=289240"}],"wp:term":[{"taxonomy":"product_brand","embeddable":true,"href":"https:\/\/staging.nbg.eu\/es\/wp-json\/wp\/v2\/product_brand?post=289240"},{"taxonomy":"product_cat","embeddable":true,"href":"https:\/\/staging.nbg.eu\/es\/wp-json\/wp\/v2\/product_cat?post=289240"},{"taxonomy":"product_tag","embeddable":true,"href":"https:\/\/staging.nbg.eu\/es\/wp-json\/wp\/v2\/product_tag?post=289240"}],"curies":[{"name":"wp","href":"https:\/\/api.w.org\/{rel}","templated":true}]}}