{"id":289123,"date":"2025-03-05T07:17:43","date_gmt":"2025-03-26T19:45:46","guid":{"rendered":"https:\/\/staging.nbg.eu\/prodcut\/magpul-ctr-carbine-stock-for-ar15-m4\/"},"modified":"2025-03-26T19:48:26","modified_gmt":"2025-03-26T19:48:26","slug":"magpul-culata-carabina-ctr-para-ar15-m4","status":"publish","type":"product","link":"https:\/\/staging.nbg.eu\/es\/producto\/magpul-culata-carabina-ctr-para-ar15-m4\/","title":{"rendered":"Magpul &#8211; Culata Carabina CTR\u2122 para AR15 \/ M4"},"content":{"rendered":"<div class=\"product-description\">\n<h2>Culata Magpul CTR\u2122 para carabina AR15 \/ M4<\/h2>\n<p>La Magpul CTR (Compacta\/Tipo Restringido) &#8211; modelo Mil-Spec es una culata de reemplazo para carabinas AR15 \/ M16. Caracter\u00edsticas:<\/p>\n<ul>\n<li>Perfil en forma de A para evitar enganches<\/li>\n<li>Pestillo de liberaci\u00f3n protegido para prevenir activaci\u00f3n accidental<\/li>\n<li>Sistema de bloqueo por fricci\u00f3n para mayor estabilidad<\/li>\n<li>Montaje para correa ambidiestro compatible con anillas de bot\u00f3n<\/li>\n<li>Almohadilla de goma de 0.3&#8243; de espesor para apoyo en el hombro<\/li>\n<\/ul>\n<p>Compatible con tubos de extensi\u00f3n de tama\u00f1o Mil-Spec, esta culata fabricada en EE. UU. ofrece un rango de ajuste de longitud de 3.3 pulgadas. Con una longitud m\u00e1xima de 7.0 pulgadas y un peso de 8.9 oz, la culata CTR proporciona funcionalidad y comodidad para su carabina.<\/p>\n<p><strong>Nota:<\/strong> Solo compatible con extensiones Mil-Spec. Verifique que su carabina tenga el tubo correcto antes de comprar.<\/p>\n<\/div>\n","protected":false},"excerpt":{"rendered":"<p>Culata compacta para AR15\/M4. Dise\u00f1o estilizado y estable, con montaje r\u00e1pido para correa.<\/p>\n","protected":false},"featured_media":237506,"template":"","meta":{"_acf_changed":false},"product_brand":[11558],"product_cat":[12228,12239,12279],"product_tag":[],"class_list":{"0":"post-289123","1":"product","2":"type-product","3":"status-publish","4":"has-post-thumbnail","6":"product_brand-magpul","7":"product_cat-ajuste-de-rifle","8":"product_cat-culatas-para-rifle","9":"product_cat-rifle","11":"first","12":"instock","13":"taxable","14":"shipping-taxable","15":"purchasable","16":"product-type-simple"},"acf":[],"_links":{"self":[{"href":"https:\/\/staging.nbg.eu\/es\/wp-json\/wp\/v2\/product\/289123","targetHints":{"allow":["GET"]}}],"collection":[{"href":"https:\/\/staging.nbg.eu\/es\/wp-json\/wp\/v2\/product"}],"about":[{"href":"https:\/\/staging.nbg.eu\/es\/wp-json\/wp\/v2\/types\/product"}],"wp:featuredmedia":[{"embeddable":true,"href":"https:\/\/staging.nbg.eu\/es\/wp-json\/wp\/v2\/media\/237506"}],"wp:attachment":[{"href":"https:\/\/staging.nbg.eu\/es\/wp-json\/wp\/v2\/media?parent=289123"}],"wp:term":[{"taxonomy":"product_brand","embeddable":true,"href":"https:\/\/staging.nbg.eu\/es\/wp-json\/wp\/v2\/product_brand?post=289123"},{"taxonomy":"product_cat","embeddable":true,"href":"https:\/\/staging.nbg.eu\/es\/wp-json\/wp\/v2\/product_cat?post=289123"},{"taxonomy":"product_tag","embeddable":true,"href":"https:\/\/staging.nbg.eu\/es\/wp-json\/wp\/v2\/product_tag?post=289123"}],"curies":[{"name":"wp","href":"https:\/\/api.w.org\/{rel}","templated":true}]}}