{"id":288910,"date":"2025-03-05T10:45:22","date_gmt":"2025-03-05T10:45:22","guid":{"rendered":"https:\/\/staging.nbg.eu\/prodcut\/magpul-pmag-ar-m4-gen-m3-10rds\/"},"modified":"2025-03-26T19:11:47","modified_gmt":"2025-03-26T19:11:47","slug":"magpul-pmag-arm4-gen-m3","status":"publish","type":"product","link":"https:\/\/staging.nbg.eu\/es\/producto\/magpul-pmag-arm4-gen-m3\/","title":{"rendered":"Magpul &#8211; PMAG\u00ae AR\/M4 GEN M3\u2122"},"content":{"rendered":"<h2>Magpul &#8211; PMAG\u00ae AR\/M4 GEN M3\u2122<\/h2>\n<p>El PMAG 10 GEN M3 es un cargador de pol\u00edmero de 10 cartuchos para armas compatibles con AR15\/M4. Este cargador ofrece:<\/p>\n<ul>\n<li>Mayor resistencia y durabilidad con construcci\u00f3n de pol\u00edmero avanzado<\/li>\n<li>Compatibilidad con varias plataformas, incluyendo HK\u00ae 416 y FN\u00ae SCAR\u2122 MK 16\/16S<\/li>\n<li>Alimentaci\u00f3n confiable con un seguidor anti-inclinaci\u00f3n de cuatro v\u00edas<\/li>\n<li>F\u00e1cil desmontaje y mejor protecci\u00f3n contra ca\u00eddas con una base ensanchada<\/li>\n<li>Operaci\u00f3n suave gracias a la geometr\u00eda interna de curva constante<\/li>\n<li>Manejo positivo con superficie de agarre acanalada y textura agresiva<\/li>\n<\/ul>\n<p>Fabricado en los Estados Unidos, el PMAG 10 GEN M3 ofrece rendimiento en un paquete de bajo perfil, adecuado para disparos en posici\u00f3n prona y versatilidad t\u00e1ctica.<\/p>\n","protected":false},"excerpt":{"rendered":"<p>Cargador AR15\/M4 duradero de 10 rondas con caracter\u00edsticas mejoradas y compatibilidad ampliada.<\/p>\n","protected":false},"featured_media":239101,"template":"","meta":{"_acf_changed":false},"product_brand":[11558],"product_cat":[12262,12279],"product_tag":[],"class_list":{"0":"post-288910","1":"product","2":"type-product","3":"status-publish","4":"has-post-thumbnail","6":"product_brand-magpul","7":"product_cat-cargadores-de-rifle","8":"product_cat-rifle","10":"first","11":"instock","12":"taxable","13":"shipping-taxable","14":"product-type-variable","15":"wvs-archive-product-wrapper"},"acf":[],"_links":{"self":[{"href":"https:\/\/staging.nbg.eu\/es\/wp-json\/wp\/v2\/product\/288910","targetHints":{"allow":["GET"]}}],"collection":[{"href":"https:\/\/staging.nbg.eu\/es\/wp-json\/wp\/v2\/product"}],"about":[{"href":"https:\/\/staging.nbg.eu\/es\/wp-json\/wp\/v2\/types\/product"}],"wp:featuredmedia":[{"embeddable":true,"href":"https:\/\/staging.nbg.eu\/es\/wp-json\/wp\/v2\/media\/239101"}],"wp:attachment":[{"href":"https:\/\/staging.nbg.eu\/es\/wp-json\/wp\/v2\/media?parent=288910"}],"wp:term":[{"taxonomy":"product_brand","embeddable":true,"href":"https:\/\/staging.nbg.eu\/es\/wp-json\/wp\/v2\/product_brand?post=288910"},{"taxonomy":"product_cat","embeddable":true,"href":"https:\/\/staging.nbg.eu\/es\/wp-json\/wp\/v2\/product_cat?post=288910"},{"taxonomy":"product_tag","embeddable":true,"href":"https:\/\/staging.nbg.eu\/es\/wp-json\/wp\/v2\/product_tag?post=288910"}],"curies":[{"name":"wp","href":"https:\/\/api.w.org\/{rel}","templated":true}]}}