{"id":285115,"date":"2025-03-02T07:13:28","date_gmt":"2025-03-02T07:13:28","guid":{"rendered":"https:\/\/staging.nbg.eu\/product\/the-railchanger-from-area-419-armageddon-gear-and-reasor-precision\/"},"modified":"2025-10-01T16:06:46","modified_gmt":"2025-10-01T13:06:46","slug":"the-railchanger-de-area-419-armageddon-gear-y-reasor-precision","status":"publish","type":"product","link":"https:\/\/staging.nbg.eu\/es\/producto\/the-railchanger-de-area-419-armageddon-gear-y-reasor-precision\/","title":{"rendered":"The RailChanger \u2013 De Area 419, Armageddon Gear y Reasor Precision"},"content":{"rendered":"<div class=\"product-description\">\n<h2>El RailChanger: Edici\u00f3n GripChanger<\/h2>\n<p>El nuevo modelo de nuestra l\u00ednea RailChanger: el GripChanger. Esta bolsa compacta y vers\u00e1til es \u00fatil para construir posiciones r\u00e1pidamente y usar en espacios peque\u00f1os.<\/p>\n<h2>Caracter\u00edsticas:<\/h2>\n<ul>\n<li>Peque\u00f1a, adherente y densamente rellena<\/li>\n<li>Pesa aproximadamente 1 libra<\/li>\n<li>Se adhiere a cualquier superficie<\/li>\n<li>Proporciona una plataforma estable para una configuraci\u00f3n r\u00e1pida<\/li>\n<\/ul>\n<h2>El kit incluye:<\/h2>\n<ul>\n<li>1 Bolsa GripChanger personalizada de Area 419<\/li>\n<li>1 Abrazadera ARCALOCK<\/li>\n<li>1 Brazo Rail Changer de Area 419<\/li>\n<\/ul>\n<h2>Especificaciones:<\/h2>\n<ul>\n<li>Peso: 1 libra<\/li>\n<li>Dimensiones: 10 \u00d7 3 \u00d7 2 pulgadas<\/li>\n<li>Fabricante: Armageddon Gear<\/li>\n<\/ul>\n<p>El GripChanger es una colaboraci\u00f3n entre Area 419, Armageddon Gear y Reasor Precision.<\/p>\n<\/div>\n","protected":false},"excerpt":{"rendered":"<p>Bolsa vers\u00e1til y adherente para posiciones de tiro r\u00e1pidas y estables.<\/p>\n","protected":false},"featured_media":233712,"template":"","meta":{"_acf_changed":false},"product_brand":[11050],"product_cat":[12279],"product_tag":[],"class_list":{"0":"post-285115","1":"product","2":"type-product","3":"status-publish","4":"has-post-thumbnail","6":"product_brand-area-419","7":"product_cat-rifle","9":"first","10":"instock","11":"taxable","12":"shipping-taxable","13":"purchasable","14":"product-type-variable","15":"wvs-archive-product-wrapper"},"acf":[],"_links":{"self":[{"href":"https:\/\/staging.nbg.eu\/es\/wp-json\/wp\/v2\/product\/285115","targetHints":{"allow":["GET"]}}],"collection":[{"href":"https:\/\/staging.nbg.eu\/es\/wp-json\/wp\/v2\/product"}],"about":[{"href":"https:\/\/staging.nbg.eu\/es\/wp-json\/wp\/v2\/types\/product"}],"wp:featuredmedia":[{"embeddable":true,"href":"https:\/\/staging.nbg.eu\/es\/wp-json\/wp\/v2\/media\/233712"}],"wp:attachment":[{"href":"https:\/\/staging.nbg.eu\/es\/wp-json\/wp\/v2\/media?parent=285115"}],"wp:term":[{"taxonomy":"product_brand","embeddable":true,"href":"https:\/\/staging.nbg.eu\/es\/wp-json\/wp\/v2\/product_brand?post=285115"},{"taxonomy":"product_cat","embeddable":true,"href":"https:\/\/staging.nbg.eu\/es\/wp-json\/wp\/v2\/product_cat?post=285115"},{"taxonomy":"product_tag","embeddable":true,"href":"https:\/\/staging.nbg.eu\/es\/wp-json\/wp\/v2\/product_tag?post=285115"}],"curies":[{"name":"wp","href":"https:\/\/api.w.org\/{rel}","templated":true}]}}