{"id":284374,"date":"2025-03-06T20:15:14","date_gmt":"2025-03-06T20:15:14","guid":{"rendered":"https:\/\/staging.nbg.eu\/product\/clawgear-ak47-gas-tube-cover\/"},"modified":"2025-03-25T13:01:55","modified_gmt":"2025-03-25T13:01:55","slug":"clawgear-cubierta-de-tubo-de-gas-ak47","status":"publish","type":"product","link":"https:\/\/staging.nbg.eu\/es\/producto\/clawgear-cubierta-de-tubo-de-gas-ak47\/","title":{"rendered":"Clawgear &#8211; Cubierta de Tubo de Gas AK47"},"content":{"rendered":"<h2>Clawgear &#8211; Cubierta de tubo de gas para AK47<\/h2>\n<p>Mejore su AK47 con la cubierta de tubo de gas Clawgear, dise\u00f1ada exclusivamente para su uso con el guardamano CG Slimline. Este accesorio incluye:<\/p>\n<ul>\n<li>Riel Picatinny Mil-STD 1913 \/ Stanag 4694 en la parte superior<\/li>\n<li>Construcci\u00f3n de aluminio de alta resistencia<\/li>\n<li>Recubrimiento negro duradero de especificaci\u00f3n militar<\/li>\n<\/ul>\n<p>Mejore la funcionalidad y el aspecto de su rifle con esta actualizaci\u00f3n. Mide 10cm de longitud y pesa 80g, esta cubierta de tubo de gas se integra con el dise\u00f1o de su AK47.<\/p>\n<p><strong>Nota:<\/strong> Este producto es compatible <em>\u00fanicamente<\/em> con el guardamano Clawgear AK47 Slimline.<\/p>\n<p>Mejore su experiencia de tiro con la cubierta de tubo de gas Clawgear AK47 \u2013 una adici\u00f3n a su configuraci\u00f3n t\u00e1ctica.<\/p>\n","protected":false},"excerpt":{"rendered":"<p>Cubierta duradera para el tubo de gas del AK47 con riel Picatinny para guardamanos estrecho.<\/p>\n","protected":false},"featured_media":244896,"template":"","meta":{"_acf_changed":false},"product_brand":[11236],"product_cat":[12213,12227,12279],"product_tag":[],"class_list":{"0":"post-284374","1":"product","2":"type-product","3":"status-publish","4":"has-post-thumbnail","6":"product_brand-clawgear","7":"product_cat-ajuste-ak","8":"product_cat-rieles","9":"product_cat-rifle","11":"first","12":"instock","13":"taxable","14":"shipping-taxable","15":"purchasable","16":"product-type-simple"},"acf":[],"_links":{"self":[{"href":"https:\/\/staging.nbg.eu\/es\/wp-json\/wp\/v2\/product\/284374","targetHints":{"allow":["GET"]}}],"collection":[{"href":"https:\/\/staging.nbg.eu\/es\/wp-json\/wp\/v2\/product"}],"about":[{"href":"https:\/\/staging.nbg.eu\/es\/wp-json\/wp\/v2\/types\/product"}],"wp:featuredmedia":[{"embeddable":true,"href":"https:\/\/staging.nbg.eu\/es\/wp-json\/wp\/v2\/media\/244896"}],"wp:attachment":[{"href":"https:\/\/staging.nbg.eu\/es\/wp-json\/wp\/v2\/media?parent=284374"}],"wp:term":[{"taxonomy":"product_brand","embeddable":true,"href":"https:\/\/staging.nbg.eu\/es\/wp-json\/wp\/v2\/product_brand?post=284374"},{"taxonomy":"product_cat","embeddable":true,"href":"https:\/\/staging.nbg.eu\/es\/wp-json\/wp\/v2\/product_cat?post=284374"},{"taxonomy":"product_tag","embeddable":true,"href":"https:\/\/staging.nbg.eu\/es\/wp-json\/wp\/v2\/product_tag?post=284374"}],"curies":[{"name":"wp","href":"https:\/\/api.w.org\/{rel}","templated":true}]}}