{"id":283860,"date":"2025-03-06T09:57:41","date_gmt":"2025-03-25T09:36:29","guid":{"rendered":"https:\/\/staging.nbg.eu\/product\/clawgear-ar15-gasblock-0-750\/"},"modified":"2025-03-25T09:38:35","modified_gmt":"2025-03-25T09:38:35","slug":"clawgear-bloque-de-gas-ar15-0750","status":"publish","type":"product","link":"https:\/\/staging.nbg.eu\/es\/producto\/clawgear-bloque-de-gas-ar15-0750\/","title":{"rendered":"Clawgear Bloque de Gas AR15 0.750"},"content":{"rendered":"<h2>Clawgear AR15 Bloque de Gas 0.750<\/h2>\n<p>El Clawgear AR15 Bloque de Gas 0.750 es un componente para el AR15. Este dise\u00f1o de perfil bajo tiene una superficie cepillada y cabe debajo de la mayor\u00eda de los guardamanos de flotaci\u00f3n libre.<\/p>\n<h2>Caracter\u00edsticas principales:<\/h2>\n<ul>\n<li>Construcci\u00f3n de una pieza de acero s\u00f3lido<\/li>\n<li>Mecanizado preciso para minimizar fugas de gas<\/li>\n<li>Dise\u00f1ado para di\u00e1metro exterior del ca\u00f1\u00f3n de 0.750&#8243; en el puerto de gas<\/li>\n<li>Resiste gases calientes en condiciones severas<\/li>\n<\/ul>\n<h2>Especificaciones:<\/h2>\n<ul>\n<li>Dimensiones: 2.8 x 2.8 x 2.4 cm<\/li>\n<li>Peso: 0.05 kg<\/li>\n<\/ul>\n<p>El Clawgear AR15 Bloque de Gas 0.750 es un componente para el AR15.<\/p>\n","protected":false},"excerpt":{"rendered":"<p>Gasblock de perfil bajo para AR15, se ajusta a ca\u00f1ones de 0.750&#8243;. Construcci\u00f3n duradera de acero.<\/p>\n","protected":false},"featured_media":240399,"template":"","meta":{"_acf_changed":false},"product_brand":[11236],"product_cat":[12228,12278,12279],"product_tag":[],"class_list":{"0":"post-283860","1":"product","2":"type-product","3":"status-publish","4":"has-post-thumbnail","6":"product_brand-clawgear","7":"product_cat-ajuste-de-rifle","8":"product_cat-bloques-de-gas","9":"product_cat-rifle","11":"first","12":"instock","13":"taxable","14":"shipping-taxable","15":"purchasable","16":"product-type-simple"},"acf":[],"_links":{"self":[{"href":"https:\/\/staging.nbg.eu\/es\/wp-json\/wp\/v2\/product\/283860","targetHints":{"allow":["GET"]}}],"collection":[{"href":"https:\/\/staging.nbg.eu\/es\/wp-json\/wp\/v2\/product"}],"about":[{"href":"https:\/\/staging.nbg.eu\/es\/wp-json\/wp\/v2\/types\/product"}],"wp:featuredmedia":[{"embeddable":true,"href":"https:\/\/staging.nbg.eu\/es\/wp-json\/wp\/v2\/media\/240399"}],"wp:attachment":[{"href":"https:\/\/staging.nbg.eu\/es\/wp-json\/wp\/v2\/media?parent=283860"}],"wp:term":[{"taxonomy":"product_brand","embeddable":true,"href":"https:\/\/staging.nbg.eu\/es\/wp-json\/wp\/v2\/product_brand?post=283860"},{"taxonomy":"product_cat","embeddable":true,"href":"https:\/\/staging.nbg.eu\/es\/wp-json\/wp\/v2\/product_cat?post=283860"},{"taxonomy":"product_tag","embeddable":true,"href":"https:\/\/staging.nbg.eu\/es\/wp-json\/wp\/v2\/product_tag?post=283860"}],"curies":[{"name":"wp","href":"https:\/\/api.w.org\/{rel}","templated":true}]}}