{"id":278337,"date":"2025-03-07T17:59:41","date_gmt":"2025-03-21T10:05:30","guid":{"rendered":"https:\/\/staging.nbg.eu\/product\/sellier-bellot-40sw-fmj-11-7g-180gr\/"},"modified":"2025-03-21T10:07:36","modified_gmt":"2025-03-21T10:07:36","slug":"sellier-bellot-40sw-fmj-117g-180gr","status":"publish","type":"product","link":"https:\/\/staging.nbg.eu\/es\/producto\/sellier-bellot-40sw-fmj-117g-180gr\/","title":{"rendered":"Sellier &#038; Bellot &#8211; 40S&#038;W FMJ &#8211; 11.7g \/ 180gr"},"content":{"rendered":"<p>La munici\u00f3n Sellier &amp; Bellot 40S&amp;W Full Metal Jacket es para pr\u00e1ctica de tiro. Cada cartucho tiene una bala FMJ de 180 granos, proporcionando rendimiento y alimentaci\u00f3n en su pistola .40 S&amp;W.<\/p>\n<ul>\n<li>Calibre: .40 S&amp;W<\/li>\n<li>Peso de la bala: 180 granos (11.7g)<\/li>\n<li>Tipo de bala: Full Metal Jacket (FMJ)<\/li>\n<li>Velocidad de salida: 968 FPS<\/li>\n<li>Energ\u00eda de salida: 400 ft-lbs<\/li>\n<li>Carcasa: Lat\u00f3n<\/li>\n<\/ul>\n<p>Esta munici\u00f3n viene en cajas de 50 cartuchos, con 20 cajas por caja. La carcasa de lat\u00f3n permite el ciclo y la recarga. Con una velocidad de 940 fps, estos cartuchos son para tiro al blanco y pr\u00e1ctica en el campo de tiro. Sellier &amp; Bellot produce munici\u00f3n para su arma de fuego .40 S&amp;W.<\/p>\n","protected":false},"excerpt":{"rendered":"<p>Munici\u00f3n 40 S&amp;W 180gr FMJ para pr\u00e1ctica de tiro. Vaina de lat\u00f3n, 968 pies por segundo, 50 cartuchos por caja.<\/p>\n","protected":false},"featured_media":248758,"template":"","meta":{"_acf_changed":false},"product_brand":[],"product_cat":[12254,12224],"product_tag":[],"class_list":{"0":"post-278337","1":"product","2":"type-product","3":"status-publish","4":"has-post-thumbnail","6":"product_cat-municion","7":"product_cat-municion-para-pistola","9":"first","10":"instock","11":"taxable","12":"shipping-taxable","13":"purchasable","14":"product-type-simple"},"acf":[],"_links":{"self":[{"href":"https:\/\/staging.nbg.eu\/es\/wp-json\/wp\/v2\/product\/278337","targetHints":{"allow":["GET"]}}],"collection":[{"href":"https:\/\/staging.nbg.eu\/es\/wp-json\/wp\/v2\/product"}],"about":[{"href":"https:\/\/staging.nbg.eu\/es\/wp-json\/wp\/v2\/types\/product"}],"wp:featuredmedia":[{"embeddable":true,"href":"https:\/\/staging.nbg.eu\/es\/wp-json\/wp\/v2\/media\/248758"}],"wp:attachment":[{"href":"https:\/\/staging.nbg.eu\/es\/wp-json\/wp\/v2\/media?parent=278337"}],"wp:term":[{"taxonomy":"product_brand","embeddable":true,"href":"https:\/\/staging.nbg.eu\/es\/wp-json\/wp\/v2\/product_brand?post=278337"},{"taxonomy":"product_cat","embeddable":true,"href":"https:\/\/staging.nbg.eu\/es\/wp-json\/wp\/v2\/product_cat?post=278337"},{"taxonomy":"product_tag","embeddable":true,"href":"https:\/\/staging.nbg.eu\/es\/wp-json\/wp\/v2\/product_tag?post=278337"}],"curies":[{"name":"wp","href":"https:\/\/api.w.org\/{rel}","templated":true}]}}