{"id":277715,"date":"2025-03-07T07:46:42","date_gmt":"2025-03-07T07:46:42","guid":{"rendered":"https:\/\/staging.nbg.eu\/product\/gun-oil-go-juice-4-oz\/"},"modified":"2025-03-21T07:16:49","modified_gmt":"2025-03-21T07:16:49","slug":"aceite-para-armas-go-juice-4oz","status":"publish","type":"product","link":"https:\/\/staging.nbg.eu\/es\/producto\/aceite-para-armas-go-juice-4oz\/","title":{"rendered":"Aceite para Armas Go Juice 4.oz"},"content":{"rendered":"<div class=\"product-description\">\n<h2>ALG Go-Juice\u00ae (GJ\u00ae) Botella de 120 ml<\/h2>\n<p>ALG Go-Juice\u00ae es un lubricante biosint\u00e9tico para sistemas de lubricaci\u00f3n de p\u00e9rdida total y l\u00edmite en armas de fuego. Caracter\u00edsticas principales:<\/p>\n<ul>\n<li>5 veces m\u00e1s deslizante que el CLP de grado militar<\/li>\n<li>Resistencia a la corrosi\u00f3n<\/li>\n<li>Estabilidad a largo plazo<\/li>\n<li>F\u00f3rmula no t\u00f3xica, segura para la piel<\/li>\n<li>Para armas autom\u00e1ticas y de porte oculto<\/li>\n<\/ul>\n<p>Derivado de semillas oleaginosas modificadas gen\u00e9ticamente para lubricaci\u00f3n \u00f3ptima, Go-Juice\u00ae supera pruebas de envejecimiento acelerado y niebla salina. Este lubricante no derivado del petr\u00f3leo mantiene el funcionamiento del arma en condiciones adversas.<\/p>\n<\/div>\n","protected":false},"excerpt":{"rendered":"<p>\u00abLubricante biosint\u00e9tico para armas de fuego ultra deslizante y no t\u00f3xico para un rendimiento \u00f3ptimo.\u00bb<\/p>\n","protected":false},"featured_media":245945,"template":"","meta":{"_acf_changed":false},"product_brand":[11388],"product_cat":[12260,12248],"product_tag":[],"class_list":{"0":"post-277715","1":"product","2":"type-product","3":"status-publish","4":"has-post-thumbnail","6":"product_brand-geissele","7":"product_cat-limpieza-de-armas","8":"product_cat-lubricantes","10":"first","11":"instock","12":"taxable","13":"shipping-taxable","14":"purchasable","15":"product-type-simple"},"acf":[],"_links":{"self":[{"href":"https:\/\/staging.nbg.eu\/es\/wp-json\/wp\/v2\/product\/277715","targetHints":{"allow":["GET"]}}],"collection":[{"href":"https:\/\/staging.nbg.eu\/es\/wp-json\/wp\/v2\/product"}],"about":[{"href":"https:\/\/staging.nbg.eu\/es\/wp-json\/wp\/v2\/types\/product"}],"wp:featuredmedia":[{"embeddable":true,"href":"https:\/\/staging.nbg.eu\/es\/wp-json\/wp\/v2\/media\/245945"}],"wp:attachment":[{"href":"https:\/\/staging.nbg.eu\/es\/wp-json\/wp\/v2\/media?parent=277715"}],"wp:term":[{"taxonomy":"product_brand","embeddable":true,"href":"https:\/\/staging.nbg.eu\/es\/wp-json\/wp\/v2\/product_brand?post=277715"},{"taxonomy":"product_cat","embeddable":true,"href":"https:\/\/staging.nbg.eu\/es\/wp-json\/wp\/v2\/product_cat?post=277715"},{"taxonomy":"product_tag","embeddable":true,"href":"https:\/\/staging.nbg.eu\/es\/wp-json\/wp\/v2\/product_tag?post=277715"}],"curies":[{"name":"wp","href":"https:\/\/api.w.org\/{rel}","templated":true}]}}