{"id":276116,"date":"2025-03-02T17:08:39","date_gmt":"2025-03-02T17:08:39","guid":{"rendered":"https:\/\/staging.nbg.eu\/product\/bore-tech-decimator-suppressor-cleaner\/"},"modified":"2025-03-20T13:32:25","modified_gmt":"2025-03-20T13:32:25","slug":"limpiador-de-supresores-bore-tech-decimator","status":"publish","type":"product","link":"https:\/\/staging.nbg.eu\/es\/producto\/limpiador-de-supresores-bore-tech-decimator\/","title":{"rendered":"Limpiador de Supresores Bore Tech Decimator"},"content":{"rendered":"<div class=\"product-description\">\n<h2>Limpiador de Supresores Bore Tech Decimator<\/h2>\n<p>Limpiador de supresores Bore Tech Decimator. Esta f\u00f3rmula de dos partes est\u00e1 dise\u00f1ada para eliminar la acumulaci\u00f3n de residuos en supresores de fuego anular y fuego central.<\/p>\n<ul>\n<li>Seguro para supresores<\/li>\n<li>No peligroso y sin amon\u00edaco<\/li>\n<li>Sin olor y biodegradable<\/li>\n<li>Seguro para aluminio, acero inoxidable, titanio y varias aleaciones<\/li>\n<\/ul>\n<p>La Parte A se enfoca en la acumulaci\u00f3n de carbono\/plomo, mientras que la Parte B se centra en la acumulaci\u00f3n de cobre. Se puede usar con el Sistema de Limpieza de Supresores Decimator para limpiar supresores, frenos de boca, monturas de desconexi\u00f3n r\u00e1pida y ocultadores de fogonazo.<\/p>\n<p>El Limpiador de Supresores Bore Tech Decimator ayuda a mantener los supresores.<\/p>\n<\/div>\n","protected":false},"excerpt":{"rendered":"<p>Limpiador de supresores eficaz y seguro para eliminar la suciedad extrema.<\/p>\n","protected":false},"featured_media":235259,"template":"","meta":{"_acf_changed":false},"product_brand":[],"product_cat":[12260,12295],"product_tag":[],"class_list":{"0":"post-276116","1":"product","2":"type-product","3":"status-publish","4":"has-post-thumbnail","6":"product_cat-limpieza-de-armas","7":"product_cat-sin-categoria","9":"first","10":"instock","11":"taxable","12":"shipping-taxable","13":"purchasable","14":"product-type-simple"},"acf":[],"_links":{"self":[{"href":"https:\/\/staging.nbg.eu\/es\/wp-json\/wp\/v2\/product\/276116","targetHints":{"allow":["GET"]}}],"collection":[{"href":"https:\/\/staging.nbg.eu\/es\/wp-json\/wp\/v2\/product"}],"about":[{"href":"https:\/\/staging.nbg.eu\/es\/wp-json\/wp\/v2\/types\/product"}],"wp:featuredmedia":[{"embeddable":true,"href":"https:\/\/staging.nbg.eu\/es\/wp-json\/wp\/v2\/media\/235259"}],"wp:attachment":[{"href":"https:\/\/staging.nbg.eu\/es\/wp-json\/wp\/v2\/media?parent=276116"}],"wp:term":[{"taxonomy":"product_brand","embeddable":true,"href":"https:\/\/staging.nbg.eu\/es\/wp-json\/wp\/v2\/product_brand?post=276116"},{"taxonomy":"product_cat","embeddable":true,"href":"https:\/\/staging.nbg.eu\/es\/wp-json\/wp\/v2\/product_cat?post=276116"},{"taxonomy":"product_tag","embeddable":true,"href":"https:\/\/staging.nbg.eu\/es\/wp-json\/wp\/v2\/product_tag?post=276116"}],"curies":[{"name":"wp","href":"https:\/\/api.w.org\/{rel}","templated":true}]}}